{"id":93308,"date":"2025-06-01T11:48:07","date_gmt":"2025-06-01T11:48:07","guid":{"rendered":"https:\/\/sine-fine.com\/home\/store\/non%20class\u00e9\/monochrome-marin\/"},"modified":"2025-06-01T11:49:40","modified_gmt":"2025-06-01T11:49:40","slug":"monochrome-marin","status":"publish","type":"product","link":"https:\/\/sine-fine.com\/articles\/monochrome-marin\/","title":{"rendered":"Monochrome Marin"},"content":{"rendered":"","protected":false},"excerpt":{"rendered":"<p>Monochrome Marin , 2023<br \/>\nS\u00e9rie La forme de la mer<br \/>\nLieu : Saint-Jean-Cap-Ferrat<br \/>\nCharbon<br \/>\nToile de lin<br \/>\n \u0152uvre originale &#8211; Exemplaire Unique<br \/>\n100x66cm<\/p>\n<p>Chaque \u0153uvre originale poss\u00e8de sont certificat d&#8217;authenticit\u00e9<\/p>\n","protected":false},"featured_media":93306,"comment_status":"closed","ping_status":"closed","template":"","meta":{"_et_pb_use_builder":"","_et_pb_old_content":"","_et_gb_content_width":""},"product_brand":[],"product_cat":[925,16],"product_tag":[],"class_list":{"0":"post-93308","1":"product","2":"type-product","3":"status-publish","4":"has-post-thumbnail","6":"product_cat-negresco","7":"product_cat-non-classe","9":"first","10":"instock","11":"shipping-taxable","12":"purchasable","13":"product-type-simple"},"yoast_head":"<!-- This site is optimized with the Yoast SEO plugin v25.3 - https:\/\/yoast.com\/wordpress\/plugins\/seo\/ -->\n<title>Monochrome Marin - sine-fine.com<\/title>\n<meta name=\"robots\" content=\"index, follow, max-snippet:-1, max-image-preview:large, max-video-preview:-1\" \/>\n<link rel=\"canonical\" href=\"https:\/\/sine-fine.com\/articles\/monochrome-marin\/\" \/>\n<meta property=\"og:locale\" content=\"en_US\" \/>\n<meta property=\"og:type\" content=\"article\" \/>\n<meta property=\"og:title\" content=\"Monochrome Marin - sine-fine.com\" \/>\n<meta property=\"og:description\" content=\"Monochrome Marin , 2023 S\u00e9rie La forme de la mer Lieu : Saint-Jean-Cap-Ferrat Charbon Toile de lin  \u0152uvre originale - Exemplaire Unique 100x66cm Chaque \u0153uvre originale poss\u00e8de sont certificat d&#039;authenticit\u00e9\" \/>\n<meta property=\"og:url\" content=\"https:\/\/sine-fine.com\/articles\/monochrome-marin\/\" \/>\n<meta property=\"og:site_name\" content=\"sine-fine.com\" \/>\n<meta property=\"article:modified_time\" content=\"2025-06-01T11:49:40+00:00\" \/>\n<meta property=\"og:image\" content=\"https:\/\/sine-fine.com\/wp-content\/uploads\/2025\/06\/Sans-titre-7-1.jpg\" \/>\n\t<meta property=\"og:image:width\" content=\"1548\" \/>\n\t<meta property=\"og:image:height\" content=\"2190\" \/>\n\t<meta property=\"og:image:type\" content=\"image\/jpeg\" \/>\n<meta name=\"twitter:card\" content=\"summary_large_image\" \/>\n<script type=\"application\/ld+json\" class=\"yoast-schema-graph\">{\"@context\":\"https:\/\/schema.org\",\"@graph\":[{\"@type\":\"WebPage\",\"@id\":\"https:\/\/sine-fine.com\/articles\/monochrome-marin\/\",\"url\":\"https:\/\/sine-fine.com\/articles\/monochrome-marin\/\",\"name\":\"Monochrome Marin - sine-fine.com\",\"isPartOf\":{\"@id\":\"https:\/\/sine-fine.com\/en\/#website\"},\"primaryImageOfPage\":{\"@id\":\"https:\/\/sine-fine.com\/articles\/monochrome-marin\/#primaryimage\"},\"image\":{\"@id\":\"https:\/\/sine-fine.com\/articles\/monochrome-marin\/#primaryimage\"},\"thumbnailUrl\":\"https:\/\/sine-fine.com\/wp-content\/uploads\/2025\/06\/Sans-titre-7-1.jpg\",\"datePublished\":\"2025-06-01T11:48:07+00:00\",\"dateModified\":\"2025-06-01T11:49:40+00:00\",\"breadcrumb\":{\"@id\":\"https:\/\/sine-fine.com\/articles\/monochrome-marin\/#breadcrumb\"},\"inLanguage\":\"en-US\",\"potentialAction\":[{\"@type\":\"ReadAction\",\"target\":[\"https:\/\/sine-fine.com\/articles\/monochrome-marin\/\"]}]},{\"@type\":\"ImageObject\",\"inLanguage\":\"en-US\",\"@id\":\"https:\/\/sine-fine.com\/articles\/monochrome-marin\/#primaryimage\",\"url\":\"https:\/\/sine-fine.com\/wp-content\/uploads\/2025\/06\/Sans-titre-7-1.jpg\",\"contentUrl\":\"https:\/\/sine-fine.com\/wp-content\/uploads\/2025\/06\/Sans-titre-7-1.jpg\",\"width\":1548,\"height\":2190},{\"@type\":\"BreadcrumbList\",\"@id\":\"https:\/\/sine-fine.com\/articles\/monochrome-marin\/#breadcrumb\",\"itemListElement\":[{\"@type\":\"ListItem\",\"position\":1,\"name\":\"Accueil\",\"item\":\"https:\/\/sine-fine.com\/en\/\"},{\"@type\":\"ListItem\",\"position\":2,\"name\":\"store\",\"item\":\"https:\/\/sine-fine.com\/en\/shop\/\"},{\"@type\":\"ListItem\",\"position\":3,\"name\":\"Monochrome Marin\"}]},{\"@type\":\"WebSite\",\"@id\":\"https:\/\/sine-fine.com\/en\/#website\",\"url\":\"https:\/\/sine-fine.com\/en\/\",\"name\":\"sine-fine.com\",\"description\":\"Sous le chaos, la vie\",\"publisher\":{\"@id\":\"https:\/\/sine-fine.com\/en\/#\/schema\/person\/78c8df9be07e5f4f79d983f84aafeefd\"},\"potentialAction\":[{\"@type\":\"SearchAction\",\"target\":{\"@type\":\"EntryPoint\",\"urlTemplate\":\"https:\/\/sine-fine.com\/en\/?s={search_term_string}\"},\"query-input\":{\"@type\":\"PropertyValueSpecification\",\"valueRequired\":true,\"valueName\":\"search_term_string\"}}],\"inLanguage\":\"en-US\"},{\"@type\":[\"Person\",\"Organization\"],\"@id\":\"https:\/\/sine-fine.com\/en\/#\/schema\/person\/78c8df9be07e5f4f79d983f84aafeefd\",\"name\":\"benoitbarbagli\",\"image\":{\"@type\":\"ImageObject\",\"inLanguage\":\"en-US\",\"@id\":\"https:\/\/sine-fine.com\/en\/#\/schema\/person\/image\/\",\"url\":\"https:\/\/sine-fine.com\/wp-content\/uploads\/2025\/04\/Sisyphe-V-V3-final-scaled.jpg\",\"contentUrl\":\"https:\/\/sine-fine.com\/wp-content\/uploads\/2025\/04\/Sisyphe-V-V3-final-scaled.jpg\",\"width\":1713,\"height\":2560,\"caption\":\"benoitbarbagli\"},\"logo\":{\"@id\":\"https:\/\/sine-fine.com\/en\/#\/schema\/person\/image\/\"}}]}<\/script>\n<!-- \/ Yoast SEO plugin. -->","yoast_head_json":{"title":"Monochrome Marin - sine-fine.com","robots":{"index":"index","follow":"follow","max-snippet":"max-snippet:-1","max-image-preview":"max-image-preview:large","max-video-preview":"max-video-preview:-1"},"canonical":"https:\/\/sine-fine.com\/articles\/monochrome-marin\/","og_locale":"en_US","og_type":"article","og_title":"Monochrome Marin - sine-fine.com","og_description":"Monochrome Marin , 2023 S\u00e9rie La forme de la mer Lieu : Saint-Jean-Cap-Ferrat Charbon Toile de lin  \u0152uvre originale - Exemplaire Unique 100x66cm Chaque \u0153uvre originale poss\u00e8de sont certificat d'authenticit\u00e9","og_url":"https:\/\/sine-fine.com\/articles\/monochrome-marin\/","og_site_name":"sine-fine.com","article_modified_time":"2025-06-01T11:49:40+00:00","og_image":[{"width":1548,"height":2190,"url":"https:\/\/sine-fine.com\/wp-content\/uploads\/2025\/06\/Sans-titre-7-1.jpg","type":"image\/jpeg"}],"twitter_card":"summary_large_image","schema":{"@context":"https:\/\/schema.org","@graph":[{"@type":"WebPage","@id":"https:\/\/sine-fine.com\/articles\/monochrome-marin\/","url":"https:\/\/sine-fine.com\/articles\/monochrome-marin\/","name":"Monochrome Marin - sine-fine.com","isPartOf":{"@id":"https:\/\/sine-fine.com\/en\/#website"},"primaryImageOfPage":{"@id":"https:\/\/sine-fine.com\/articles\/monochrome-marin\/#primaryimage"},"image":{"@id":"https:\/\/sine-fine.com\/articles\/monochrome-marin\/#primaryimage"},"thumbnailUrl":"https:\/\/sine-fine.com\/wp-content\/uploads\/2025\/06\/Sans-titre-7-1.jpg","datePublished":"2025-06-01T11:48:07+00:00","dateModified":"2025-06-01T11:49:40+00:00","breadcrumb":{"@id":"https:\/\/sine-fine.com\/articles\/monochrome-marin\/#breadcrumb"},"inLanguage":"en-US","potentialAction":[{"@type":"ReadAction","target":["https:\/\/sine-fine.com\/articles\/monochrome-marin\/"]}]},{"@type":"ImageObject","inLanguage":"en-US","@id":"https:\/\/sine-fine.com\/articles\/monochrome-marin\/#primaryimage","url":"https:\/\/sine-fine.com\/wp-content\/uploads\/2025\/06\/Sans-titre-7-1.jpg","contentUrl":"https:\/\/sine-fine.com\/wp-content\/uploads\/2025\/06\/Sans-titre-7-1.jpg","width":1548,"height":2190},{"@type":"BreadcrumbList","@id":"https:\/\/sine-fine.com\/articles\/monochrome-marin\/#breadcrumb","itemListElement":[{"@type":"ListItem","position":1,"name":"Accueil","item":"https:\/\/sine-fine.com\/en\/"},{"@type":"ListItem","position":2,"name":"store","item":"https:\/\/sine-fine.com\/en\/shop\/"},{"@type":"ListItem","position":3,"name":"Monochrome Marin"}]},{"@type":"WebSite","@id":"https:\/\/sine-fine.com\/en\/#website","url":"https:\/\/sine-fine.com\/en\/","name":"sine-fine.com","description":"Sous le chaos, la vie","publisher":{"@id":"https:\/\/sine-fine.com\/en\/#\/schema\/person\/78c8df9be07e5f4f79d983f84aafeefd"},"potentialAction":[{"@type":"SearchAction","target":{"@type":"EntryPoint","urlTemplate":"https:\/\/sine-fine.com\/en\/?s={search_term_string}"},"query-input":{"@type":"PropertyValueSpecification","valueRequired":true,"valueName":"search_term_string"}}],"inLanguage":"en-US"},{"@type":["Person","Organization"],"@id":"https:\/\/sine-fine.com\/en\/#\/schema\/person\/78c8df9be07e5f4f79d983f84aafeefd","name":"benoitbarbagli","image":{"@type":"ImageObject","inLanguage":"en-US","@id":"https:\/\/sine-fine.com\/en\/#\/schema\/person\/image\/","url":"https:\/\/sine-fine.com\/wp-content\/uploads\/2025\/04\/Sisyphe-V-V3-final-scaled.jpg","contentUrl":"https:\/\/sine-fine.com\/wp-content\/uploads\/2025\/04\/Sisyphe-V-V3-final-scaled.jpg","width":1713,"height":2560,"caption":"benoitbarbagli"},"logo":{"@id":"https:\/\/sine-fine.com\/en\/#\/schema\/person\/image\/"}}]}},"_links":{"self":[{"href":"https:\/\/sine-fine.com\/en\/wp-json\/wp\/v2\/product\/93308","targetHints":{"allow":["GET"]}}],"collection":[{"href":"https:\/\/sine-fine.com\/en\/wp-json\/wp\/v2\/product"}],"about":[{"href":"https:\/\/sine-fine.com\/en\/wp-json\/wp\/v2\/types\/product"}],"replies":[{"embeddable":true,"href":"https:\/\/sine-fine.com\/en\/wp-json\/wp\/v2\/comments?post=93308"}],"wp:featuredmedia":[{"embeddable":true,"href":"https:\/\/sine-fine.com\/en\/wp-json\/wp\/v2\/media\/93306"}],"wp:attachment":[{"href":"https:\/\/sine-fine.com\/en\/wp-json\/wp\/v2\/media?parent=93308"}],"wp:term":[{"taxonomy":"product_brand","embeddable":true,"href":"https:\/\/sine-fine.com\/en\/wp-json\/wp\/v2\/product_brand?post=93308"},{"taxonomy":"product_cat","embeddable":true,"href":"https:\/\/sine-fine.com\/en\/wp-json\/wp\/v2\/product_cat?post=93308"},{"taxonomy":"product_tag","embeddable":true,"href":"https:\/\/sine-fine.com\/en\/wp-json\/wp\/v2\/product_tag?post=93308"}],"curies":[{"name":"wp","href":"https:\/\/api.w.org\/{rel}","templated":true}]}}