{"id":77718,"date":"2022-12-11T20:03:37","date_gmt":"2022-12-11T20:03:37","guid":{"rendered":"https:\/\/benoit-barbagli.com\/articles\/thetis-chronos\/"},"modified":"2025-06-01T11:44:01","modified_gmt":"2025-06-01T11:44:01","slug":"thetis-chronos","status":"publish","type":"product","link":"https:\/\/sine-fine.com\/articles\/thetis-chronos\/","title":{"rendered":"Th\u00e9tis &#038; Chronos"},"content":{"rendered":"","protected":false},"excerpt":{"rendered":"<p>Th\u00e9tis &amp; Chronos, 2022<br \/>\nS\u00e9rie Les scuptures de l\u2019anthropoc\u00e8ne<br \/>\nGypse, R\u00e9sine biosourc\u00e9e<br \/>\n\u0152uvre originale &#8211; 8 + 4 EA exemplaires<br \/>\n60 x 60 x 15 cm<\/p>\n<p>&nbsp;<\/p>\n<p>________<\/p>\n<p>&nbsp;<\/p>\n<p>&nbsp;<\/p>\n<p class=\"p1\"><span class=\"s1\"><i>Th\u00e9tis et Chronos<\/i><\/span> est l\u2019une des trois sculptures du triptyque Les Colonnes de l\u2019Anthropoc\u00e8ne. Elle mat\u00e9rialise les donn\u00e9es de l\u2019\u00e9l\u00e9vation du niveau des mers depuis 1700, transform\u00e9es en une forme sculpturale par la rotation d\u2019un graphique scientifique autour d\u2019un axe central.<\/p>\n<p class=\"p1\">Dans le contexte actuel de prise de conscience \u00e9cologique et face aux enjeux environnementaux majeurs de notre \u00e9poque, l\u2019art joue un r\u00f4le crucial en offrant une perspective unique sur ces d\u00e9fis.<\/p>\n<p class=\"p1\">C\u2019est dans cette optique que Benoit Barbagli a con\u00e7u Les Colonnes de l\u2019Anthropoc\u00e8ne, des sculptures qui allient esth\u00e9tique et message \u00e9copolitique. Cr\u00e9\u00e9es sp\u00e9cifiquement pour l\u2019exposition Tout autour de l\u2019eau \u00e0 la Galerie Eva Vautier, ces \u0153uvres mettent en lumi\u00e8re la th\u00e9matique de l\u2019eau et sa raret\u00e9 future, un sujet d\u2019une importance capitale pour notre avenir.<\/p>\n<p>&nbsp;<\/p>\n<p class=\"p1\">Une colonne sculpt\u00e9e \u00e0 partir de donn\u00e9es scientifiques<\/p>\n<p class=\"p1\">Th\u00e9tis et Chronos s\u2019appuie sur des donn\u00e9es issues d\u2019\u00e9tudes climatiques historiques et contemporaines. D\u2019apr\u00e8s les sources de la NASA et des travaux scientifiques publi\u00e9s (AGU, 2008), le niveau moyen des mers a augment\u00e9 d\u2019environ 28 cm entre 1700 et 2000. Les donn\u00e9es plus r\u00e9centes montrent une acc\u00e9l\u00e9ration de cette \u00e9l\u00e9vation, avec une hausse de 10,1 cm entre 1993 et 2024 (The Guardian, 2025).<\/p>\n<p class=\"p1\">Ces donn\u00e9es ont \u00e9t\u00e9 mod\u00e9lis\u00e9es en 3D, puis transform\u00e9es en une forme circulaire par rotation radiale. Le r\u00e9sultat : une colonne organique, textur\u00e9e, presque min\u00e9rale, qui donne corps \u00e0 une information invisible \u00e0 l\u2019\u00e9chelle humaine.<\/p>\n<p class=\"p1\">Une esth\u00e9tique symbolique<\/p>\n<p class=\"p1\">Le nom Th\u00e9tis et Chronos unit deux puissances mythologiques : Th\u00e9tis, d\u00e9esse marine, et Chronos, incarnation du temps. Cette association symbolise le lien profond entre l\u2019eau et le temps \u2014 entre l\u2019immuable et le changement.<\/p>\n<p class=\"p1\">Les strates visibles sur la sculpture traduisent les fluctuations du niveau marin, comme autant de cicatrices ou de s\u00e9diments, t\u00e9moins du bouleversement climatique en cours.<\/p>\n<p class=\"p1\">Un triptyque sur l\u2019Anthropoc\u00e8ne<\/p>\n<p class=\"p1\">Th\u00e9tis et Chronos est l\u2019une des trois Colonnes de l\u2019Anthropoc\u00e8ne. Elle est accompagn\u00e9e de :<\/p>\n<p class=\"p1\">\u2013 H\u00e9lios et Chronos, qui illustre les variations de la temp\u00e9rature moyenne de la plan\u00e8te depuis ses origines, mettant en \u00e9vidence les effets du r\u00e9chauffement climatique.<\/p>\n<p class=\"p1\">\u2013 \u00c9ros et Chronos, qui met en lumi\u00e8re l\u2019\u00e9volution du nombre de familles d\u2019esp\u00e8ces depuis l\u2019apparition de la vie sur Terre, avec une visibilit\u00e9 marqu\u00e9e sur la courbe des diff\u00e9rentes extinctions massives.<\/p>\n<p class=\"p1\">Chacune de ces \u0153uvres a \u00e9t\u00e9 r\u00e9alis\u00e9e \u00e0 partir d\u2019une mod\u00e9lisation 3D de courbes issues de donn\u00e9es scientifiques climatiques ou de biodiversit\u00e9. Ces courbes ont ensuite \u00e9t\u00e9 imprim\u00e9es en 3D, moul\u00e9es et tir\u00e9es en r\u00e9sine biosourc\u00e9e : \u00e0 base de pl\u00e2tre pour Th\u00e9tis et \u00c9ros, \u00e0 base de ciment pour H\u00e9lios.<\/p>\n<p class=\"p1\">De gauche \u00e0 droite dans l\u2019exposition : Th\u00e9tis et Chronos, \u00c9ros et Chronos, H\u00e9lios et Chronos.<\/p>\n<p class=\"p1\">Une \u0153uvre engag\u00e9e<\/p>\n<p class=\"p1\">En confrontant l\u2019humain \u00e0 une mat\u00e9rialisation brute et po\u00e9tique de donn\u00e9es scientifiques, Th\u00e9tis et Chronos cherche \u00e0 cr\u00e9er un choc perceptif.<\/p>\n<p class=\"p1\">L\u2019\u0153uvre rend tangible l\u2019impact du temps sur les mers, et l\u2019impact de l\u2019homme sur le temps.<\/p>\n<p class=\"p1\">Elle rappelle que l\u2019eau de mer n\u2019a cess\u00e9 de monter depuis que nous avons les moyens de la mesurer, soulignant l\u2019urgence d\u2019agir face \u00e0 la rar\u00e9faction de l\u2019eau douce.<\/p>\n<p>&nbsp;<\/p>\n<p>Chaque \u0153uvre originale poss\u00e8de sont certificat d&#8217;authenticit\u00e9<\/p>\n","protected":false},"featured_media":93301,"comment_status":"closed","ping_status":"closed","template":"","meta":{"_et_pb_use_builder":"","_et_pb_old_content":"","_et_gb_content_width":""},"product_brand":[],"product_cat":[925,89,125],"product_tag":[],"class_list":{"0":"post-77718","1":"product","2":"type-product","3":"status-publish","4":"has-post-thumbnail","6":"product_cat-negresco","7":"product_cat-oeuvres-originales","8":"product_cat-sculpture","10":"first","11":"instock","12":"shipping-taxable","13":"purchasable","14":"product-type-simple"},"yoast_head":"<!-- This site is optimized with the Yoast SEO plugin v25.3 - https:\/\/yoast.com\/wordpress\/plugins\/seo\/ -->\n<title>Th\u00e9tis &amp; Chronos - sine-fine.com<\/title>\n<meta name=\"robots\" content=\"index, follow, max-snippet:-1, max-image-preview:large, max-video-preview:-1\" \/>\n<link rel=\"canonical\" href=\"https:\/\/sine-fine.com\/articles\/thetis-chronos\/\" \/>\n<meta property=\"og:locale\" content=\"en_US\" \/>\n<meta property=\"og:type\" content=\"article\" \/>\n<meta property=\"og:title\" content=\"Th\u00e9tis &amp; Chronos - sine-fine.com\" \/>\n<meta property=\"og:description\" content=\"Th\u00e9tis &amp; Chronos, 2022 S\u00e9rie Les scuptures de l\u2019anthropoc\u00e8ne Gypse, R\u00e9sine biosourc\u00e9e \u0152uvre originale - 8 + 4 EA exemplaires 60 x 60 x 15 cm  &nbsp;  ________  &nbsp;  &nbsp; Th\u00e9tis et Chronos est l\u2019une des trois sculptures du triptyque Les Colonnes de l\u2019Anthropoc\u00e8ne. Elle mat\u00e9rialise les donn\u00e9es de l\u2019\u00e9l\u00e9vation du niveau des mers depuis 1700, transform\u00e9es en une forme sculpturale par la rotation d\u2019un graphique scientifique autour d\u2019un axe central. Dans le contexte actuel de prise de conscience \u00e9cologique et face aux enjeux environnementaux majeurs de notre \u00e9poque, l\u2019art joue un r\u00f4le crucial en offrant une perspective unique sur ces d\u00e9fis. C\u2019est dans cette optique que Benoit Barbagli a con\u00e7u Les Colonnes de l\u2019Anthropoc\u00e8ne, des sculptures qui allient esth\u00e9tique et message \u00e9copolitique. Cr\u00e9\u00e9es sp\u00e9cifiquement pour l\u2019exposition Tout autour de l\u2019eau \u00e0 la Galerie Eva Vautier, ces \u0153uvres mettent en lumi\u00e8re la th\u00e9matique de l\u2019eau et sa raret\u00e9 future, un sujet d\u2019une importance capitale pour notre avenir. &nbsp; Une colonne sculpt\u00e9e \u00e0 partir de donn\u00e9es scientifiques Th\u00e9tis et Chronos s\u2019appuie sur des donn\u00e9es issues d\u2019\u00e9tudes climatiques historiques et contemporaines. D\u2019apr\u00e8s les sources de la NASA et des travaux scientifiques publi\u00e9s (AGU, 2008), le niveau moyen des mers a augment\u00e9 d\u2019environ 28 cm entre 1700 et 2000. Les donn\u00e9es plus r\u00e9centes montrent une acc\u00e9l\u00e9ration de cette \u00e9l\u00e9vation, avec une hausse de 10,1 cm entre 1993 et 2024 (The Guardian, 2025). Ces donn\u00e9es ont \u00e9t\u00e9 mod\u00e9lis\u00e9es en 3D, puis transform\u00e9es en une forme circulaire par rotation radiale. Le r\u00e9sultat : une colonne organique, textur\u00e9e, presque min\u00e9rale, qui donne corps \u00e0 une information invisible \u00e0 l\u2019\u00e9chelle humaine. Une esth\u00e9tique symbolique Le nom Th\u00e9tis et Chronos unit deux puissances mythologiques : Th\u00e9tis, d\u00e9esse marine, et Chronos, incarnation du temps. Cette association symbolise le lien profond entre l\u2019eau et le temps \u2014 entre l\u2019immuable et le changement. Les strates visibles sur la sculpture traduisent les fluctuations du niveau marin, comme autant de cicatrices ou de s\u00e9diments, t\u00e9moins du bouleversement climatique en cours. Un triptyque sur l\u2019Anthropoc\u00e8ne Th\u00e9tis et Chronos est l\u2019une des trois Colonnes de l\u2019Anthropoc\u00e8ne. Elle est accompagn\u00e9e de : \u2013 H\u00e9lios et Chronos, qui illustre les variations de la temp\u00e9rature moyenne de la plan\u00e8te depuis ses origines, mettant en \u00e9vidence les effets du r\u00e9chauffement climatique. \u2013 \u00c9ros et Chronos, qui met en lumi\u00e8re l\u2019\u00e9volution du nombre de familles d\u2019esp\u00e8ces depuis l\u2019apparition de la vie sur Terre, avec une visibilit\u00e9 marqu\u00e9e sur la courbe des diff\u00e9rentes extinctions massives. Chacune de ces \u0153uvres a \u00e9t\u00e9 r\u00e9alis\u00e9e \u00e0 partir d\u2019une mod\u00e9lisation 3D de courbes issues de donn\u00e9es scientifiques climatiques ou de biodiversit\u00e9. Ces courbes ont ensuite \u00e9t\u00e9 imprim\u00e9es en 3D, moul\u00e9es et tir\u00e9es en r\u00e9sine biosourc\u00e9e : \u00e0 base de pl\u00e2tre pour Th\u00e9tis et \u00c9ros, \u00e0 base de ciment pour H\u00e9lios. De gauche \u00e0 droite dans l\u2019exposition : Th\u00e9tis et Chronos, \u00c9ros et Chronos, H\u00e9lios et Chronos. Une \u0153uvre engag\u00e9e En confrontant l\u2019humain \u00e0 une mat\u00e9rialisation brute et po\u00e9tique de donn\u00e9es scientifiques, Th\u00e9tis et Chronos cherche \u00e0 cr\u00e9er un choc perceptif. L\u2019\u0153uvre rend tangible l\u2019impact du temps sur les mers, et l\u2019impact de l\u2019homme sur le temps. Elle rappelle que l\u2019eau de mer n\u2019a cess\u00e9 de monter depuis que nous avons les moyens de la mesurer, soulignant l\u2019urgence d\u2019agir face \u00e0 la rar\u00e9faction de l\u2019eau douce. &nbsp;  Chaque \u0153uvre originale poss\u00e8de sont certificat d&#039;authenticit\u00e9\" \/>\n<meta property=\"og:url\" content=\"https:\/\/sine-fine.com\/articles\/thetis-chronos\/\" \/>\n<meta property=\"og:site_name\" content=\"sine-fine.com\" \/>\n<meta property=\"article:modified_time\" content=\"2025-06-01T11:44:01+00:00\" \/>\n<meta property=\"og:image\" content=\"https:\/\/sine-fine.com\/wp-content\/uploads\/2022\/12\/Sans-titre-1024x767.png\" \/>\n\t<meta property=\"og:image:width\" content=\"1024\" \/>\n\t<meta property=\"og:image:height\" content=\"767\" \/>\n\t<meta property=\"og:image:type\" content=\"image\/png\" \/>\n<meta name=\"twitter:card\" content=\"summary_large_image\" \/>\n<meta name=\"twitter:label1\" content=\"Est. reading time\" \/>\n\t<meta name=\"twitter:data1\" content=\"1 minute\" \/>\n<script type=\"application\/ld+json\" class=\"yoast-schema-graph\">{\"@context\":\"https:\/\/schema.org\",\"@graph\":[{\"@type\":\"WebPage\",\"@id\":\"https:\/\/sine-fine.com\/articles\/thetis-chronos\/\",\"url\":\"https:\/\/sine-fine.com\/articles\/thetis-chronos\/\",\"name\":\"Th\u00e9tis & Chronos - sine-fine.com\",\"isPartOf\":{\"@id\":\"https:\/\/sine-fine.com\/en\/#website\"},\"primaryImageOfPage\":{\"@id\":\"https:\/\/sine-fine.com\/articles\/thetis-chronos\/#primaryimage\"},\"image\":{\"@id\":\"https:\/\/sine-fine.com\/articles\/thetis-chronos\/#primaryimage\"},\"thumbnailUrl\":\"https:\/\/sine-fine.com\/wp-content\/uploads\/2022\/12\/Sans-titre.png\",\"datePublished\":\"2022-12-11T20:03:37+00:00\",\"dateModified\":\"2025-06-01T11:44:01+00:00\",\"breadcrumb\":{\"@id\":\"https:\/\/sine-fine.com\/articles\/thetis-chronos\/#breadcrumb\"},\"inLanguage\":\"en-US\",\"potentialAction\":[{\"@type\":\"ReadAction\",\"target\":[\"https:\/\/sine-fine.com\/articles\/thetis-chronos\/\"]}]},{\"@type\":\"ImageObject\",\"inLanguage\":\"en-US\",\"@id\":\"https:\/\/sine-fine.com\/articles\/thetis-chronos\/#primaryimage\",\"url\":\"https:\/\/sine-fine.com\/wp-content\/uploads\/2022\/12\/Sans-titre.png\",\"contentUrl\":\"https:\/\/sine-fine.com\/wp-content\/uploads\/2022\/12\/Sans-titre.png\",\"width\":1718,\"height\":1286},{\"@type\":\"BreadcrumbList\",\"@id\":\"https:\/\/sine-fine.com\/articles\/thetis-chronos\/#breadcrumb\",\"itemListElement\":[{\"@type\":\"ListItem\",\"position\":1,\"name\":\"Accueil\",\"item\":\"https:\/\/sine-fine.com\/en\/\"},{\"@type\":\"ListItem\",\"position\":2,\"name\":\"store\",\"item\":\"https:\/\/sine-fine.com\/en\/shop\/\"},{\"@type\":\"ListItem\",\"position\":3,\"name\":\"Th\u00e9tis &#038; Chronos\"}]},{\"@type\":\"WebSite\",\"@id\":\"https:\/\/sine-fine.com\/en\/#website\",\"url\":\"https:\/\/sine-fine.com\/en\/\",\"name\":\"sine-fine.com\",\"description\":\"Sous le chaos, la vie\",\"publisher\":{\"@id\":\"https:\/\/sine-fine.com\/en\/#\/schema\/person\/78c8df9be07e5f4f79d983f84aafeefd\"},\"potentialAction\":[{\"@type\":\"SearchAction\",\"target\":{\"@type\":\"EntryPoint\",\"urlTemplate\":\"https:\/\/sine-fine.com\/en\/?s={search_term_string}\"},\"query-input\":{\"@type\":\"PropertyValueSpecification\",\"valueRequired\":true,\"valueName\":\"search_term_string\"}}],\"inLanguage\":\"en-US\"},{\"@type\":[\"Person\",\"Organization\"],\"@id\":\"https:\/\/sine-fine.com\/en\/#\/schema\/person\/78c8df9be07e5f4f79d983f84aafeefd\",\"name\":\"benoitbarbagli\",\"image\":{\"@type\":\"ImageObject\",\"inLanguage\":\"en-US\",\"@id\":\"https:\/\/sine-fine.com\/en\/#\/schema\/person\/image\/\",\"url\":\"https:\/\/sine-fine.com\/wp-content\/uploads\/2025\/04\/Sisyphe-V-V3-final-scaled.jpg\",\"contentUrl\":\"https:\/\/sine-fine.com\/wp-content\/uploads\/2025\/04\/Sisyphe-V-V3-final-scaled.jpg\",\"width\":1713,\"height\":2560,\"caption\":\"benoitbarbagli\"},\"logo\":{\"@id\":\"https:\/\/sine-fine.com\/en\/#\/schema\/person\/image\/\"}}]}<\/script>\n<!-- \/ Yoast SEO plugin. -->","yoast_head_json":{"title":"Th\u00e9tis & Chronos - sine-fine.com","robots":{"index":"index","follow":"follow","max-snippet":"max-snippet:-1","max-image-preview":"max-image-preview:large","max-video-preview":"max-video-preview:-1"},"canonical":"https:\/\/sine-fine.com\/articles\/thetis-chronos\/","og_locale":"en_US","og_type":"article","og_title":"Th\u00e9tis & Chronos - sine-fine.com","og_description":"Th\u00e9tis &amp; Chronos, 2022 S\u00e9rie Les scuptures de l\u2019anthropoc\u00e8ne Gypse, R\u00e9sine biosourc\u00e9e \u0152uvre originale - 8 + 4 EA exemplaires 60 x 60 x 15 cm  &nbsp;  ________  &nbsp;  &nbsp; Th\u00e9tis et Chronos est l\u2019une des trois sculptures du triptyque Les Colonnes de l\u2019Anthropoc\u00e8ne. Elle mat\u00e9rialise les donn\u00e9es de l\u2019\u00e9l\u00e9vation du niveau des mers depuis 1700, transform\u00e9es en une forme sculpturale par la rotation d\u2019un graphique scientifique autour d\u2019un axe central. Dans le contexte actuel de prise de conscience \u00e9cologique et face aux enjeux environnementaux majeurs de notre \u00e9poque, l\u2019art joue un r\u00f4le crucial en offrant une perspective unique sur ces d\u00e9fis. C\u2019est dans cette optique que Benoit Barbagli a con\u00e7u Les Colonnes de l\u2019Anthropoc\u00e8ne, des sculptures qui allient esth\u00e9tique et message \u00e9copolitique. Cr\u00e9\u00e9es sp\u00e9cifiquement pour l\u2019exposition Tout autour de l\u2019eau \u00e0 la Galerie Eva Vautier, ces \u0153uvres mettent en lumi\u00e8re la th\u00e9matique de l\u2019eau et sa raret\u00e9 future, un sujet d\u2019une importance capitale pour notre avenir. &nbsp; Une colonne sculpt\u00e9e \u00e0 partir de donn\u00e9es scientifiques Th\u00e9tis et Chronos s\u2019appuie sur des donn\u00e9es issues d\u2019\u00e9tudes climatiques historiques et contemporaines. D\u2019apr\u00e8s les sources de la NASA et des travaux scientifiques publi\u00e9s (AGU, 2008), le niveau moyen des mers a augment\u00e9 d\u2019environ 28 cm entre 1700 et 2000. Les donn\u00e9es plus r\u00e9centes montrent une acc\u00e9l\u00e9ration de cette \u00e9l\u00e9vation, avec une hausse de 10,1 cm entre 1993 et 2024 (The Guardian, 2025). Ces donn\u00e9es ont \u00e9t\u00e9 mod\u00e9lis\u00e9es en 3D, puis transform\u00e9es en une forme circulaire par rotation radiale. Le r\u00e9sultat : une colonne organique, textur\u00e9e, presque min\u00e9rale, qui donne corps \u00e0 une information invisible \u00e0 l\u2019\u00e9chelle humaine. Une esth\u00e9tique symbolique Le nom Th\u00e9tis et Chronos unit deux puissances mythologiques : Th\u00e9tis, d\u00e9esse marine, et Chronos, incarnation du temps. Cette association symbolise le lien profond entre l\u2019eau et le temps \u2014 entre l\u2019immuable et le changement. Les strates visibles sur la sculpture traduisent les fluctuations du niveau marin, comme autant de cicatrices ou de s\u00e9diments, t\u00e9moins du bouleversement climatique en cours. Un triptyque sur l\u2019Anthropoc\u00e8ne Th\u00e9tis et Chronos est l\u2019une des trois Colonnes de l\u2019Anthropoc\u00e8ne. Elle est accompagn\u00e9e de : \u2013 H\u00e9lios et Chronos, qui illustre les variations de la temp\u00e9rature moyenne de la plan\u00e8te depuis ses origines, mettant en \u00e9vidence les effets du r\u00e9chauffement climatique. \u2013 \u00c9ros et Chronos, qui met en lumi\u00e8re l\u2019\u00e9volution du nombre de familles d\u2019esp\u00e8ces depuis l\u2019apparition de la vie sur Terre, avec une visibilit\u00e9 marqu\u00e9e sur la courbe des diff\u00e9rentes extinctions massives. Chacune de ces \u0153uvres a \u00e9t\u00e9 r\u00e9alis\u00e9e \u00e0 partir d\u2019une mod\u00e9lisation 3D de courbes issues de donn\u00e9es scientifiques climatiques ou de biodiversit\u00e9. Ces courbes ont ensuite \u00e9t\u00e9 imprim\u00e9es en 3D, moul\u00e9es et tir\u00e9es en r\u00e9sine biosourc\u00e9e : \u00e0 base de pl\u00e2tre pour Th\u00e9tis et \u00c9ros, \u00e0 base de ciment pour H\u00e9lios. De gauche \u00e0 droite dans l\u2019exposition : Th\u00e9tis et Chronos, \u00c9ros et Chronos, H\u00e9lios et Chronos. Une \u0153uvre engag\u00e9e En confrontant l\u2019humain \u00e0 une mat\u00e9rialisation brute et po\u00e9tique de donn\u00e9es scientifiques, Th\u00e9tis et Chronos cherche \u00e0 cr\u00e9er un choc perceptif. L\u2019\u0153uvre rend tangible l\u2019impact du temps sur les mers, et l\u2019impact de l\u2019homme sur le temps. Elle rappelle que l\u2019eau de mer n\u2019a cess\u00e9 de monter depuis que nous avons les moyens de la mesurer, soulignant l\u2019urgence d\u2019agir face \u00e0 la rar\u00e9faction de l\u2019eau douce. &nbsp;  Chaque \u0153uvre originale poss\u00e8de sont certificat d'authenticit\u00e9","og_url":"https:\/\/sine-fine.com\/articles\/thetis-chronos\/","og_site_name":"sine-fine.com","article_modified_time":"2025-06-01T11:44:01+00:00","og_image":[{"width":1024,"height":767,"url":"https:\/\/sine-fine.com\/wp-content\/uploads\/2022\/12\/Sans-titre-1024x767.png","type":"image\/png"}],"twitter_card":"summary_large_image","twitter_misc":{"Est. reading time":"1 minute"},"schema":{"@context":"https:\/\/schema.org","@graph":[{"@type":"WebPage","@id":"https:\/\/sine-fine.com\/articles\/thetis-chronos\/","url":"https:\/\/sine-fine.com\/articles\/thetis-chronos\/","name":"Th\u00e9tis & Chronos - sine-fine.com","isPartOf":{"@id":"https:\/\/sine-fine.com\/en\/#website"},"primaryImageOfPage":{"@id":"https:\/\/sine-fine.com\/articles\/thetis-chronos\/#primaryimage"},"image":{"@id":"https:\/\/sine-fine.com\/articles\/thetis-chronos\/#primaryimage"},"thumbnailUrl":"https:\/\/sine-fine.com\/wp-content\/uploads\/2022\/12\/Sans-titre.png","datePublished":"2022-12-11T20:03:37+00:00","dateModified":"2025-06-01T11:44:01+00:00","breadcrumb":{"@id":"https:\/\/sine-fine.com\/articles\/thetis-chronos\/#breadcrumb"},"inLanguage":"en-US","potentialAction":[{"@type":"ReadAction","target":["https:\/\/sine-fine.com\/articles\/thetis-chronos\/"]}]},{"@type":"ImageObject","inLanguage":"en-US","@id":"https:\/\/sine-fine.com\/articles\/thetis-chronos\/#primaryimage","url":"https:\/\/sine-fine.com\/wp-content\/uploads\/2022\/12\/Sans-titre.png","contentUrl":"https:\/\/sine-fine.com\/wp-content\/uploads\/2022\/12\/Sans-titre.png","width":1718,"height":1286},{"@type":"BreadcrumbList","@id":"https:\/\/sine-fine.com\/articles\/thetis-chronos\/#breadcrumb","itemListElement":[{"@type":"ListItem","position":1,"name":"Accueil","item":"https:\/\/sine-fine.com\/en\/"},{"@type":"ListItem","position":2,"name":"store","item":"https:\/\/sine-fine.com\/en\/shop\/"},{"@type":"ListItem","position":3,"name":"Th\u00e9tis &#038; Chronos"}]},{"@type":"WebSite","@id":"https:\/\/sine-fine.com\/en\/#website","url":"https:\/\/sine-fine.com\/en\/","name":"sine-fine.com","description":"Sous le chaos, la vie","publisher":{"@id":"https:\/\/sine-fine.com\/en\/#\/schema\/person\/78c8df9be07e5f4f79d983f84aafeefd"},"potentialAction":[{"@type":"SearchAction","target":{"@type":"EntryPoint","urlTemplate":"https:\/\/sine-fine.com\/en\/?s={search_term_string}"},"query-input":{"@type":"PropertyValueSpecification","valueRequired":true,"valueName":"search_term_string"}}],"inLanguage":"en-US"},{"@type":["Person","Organization"],"@id":"https:\/\/sine-fine.com\/en\/#\/schema\/person\/78c8df9be07e5f4f79d983f84aafeefd","name":"benoitbarbagli","image":{"@type":"ImageObject","inLanguage":"en-US","@id":"https:\/\/sine-fine.com\/en\/#\/schema\/person\/image\/","url":"https:\/\/sine-fine.com\/wp-content\/uploads\/2025\/04\/Sisyphe-V-V3-final-scaled.jpg","contentUrl":"https:\/\/sine-fine.com\/wp-content\/uploads\/2025\/04\/Sisyphe-V-V3-final-scaled.jpg","width":1713,"height":2560,"caption":"benoitbarbagli"},"logo":{"@id":"https:\/\/sine-fine.com\/en\/#\/schema\/person\/image\/"}}]}},"_links":{"self":[{"href":"https:\/\/sine-fine.com\/en\/wp-json\/wp\/v2\/product\/77718","targetHints":{"allow":["GET"]}}],"collection":[{"href":"https:\/\/sine-fine.com\/en\/wp-json\/wp\/v2\/product"}],"about":[{"href":"https:\/\/sine-fine.com\/en\/wp-json\/wp\/v2\/types\/product"}],"replies":[{"embeddable":true,"href":"https:\/\/sine-fine.com\/en\/wp-json\/wp\/v2\/comments?post=77718"}],"wp:featuredmedia":[{"embeddable":true,"href":"https:\/\/sine-fine.com\/en\/wp-json\/wp\/v2\/media\/93301"}],"wp:attachment":[{"href":"https:\/\/sine-fine.com\/en\/wp-json\/wp\/v2\/media?parent=77718"}],"wp:term":[{"taxonomy":"product_brand","embeddable":true,"href":"https:\/\/sine-fine.com\/en\/wp-json\/wp\/v2\/product_brand?post=77718"},{"taxonomy":"product_cat","embeddable":true,"href":"https:\/\/sine-fine.com\/en\/wp-json\/wp\/v2\/product_cat?post=77718"},{"taxonomy":"product_tag","embeddable":true,"href":"https:\/\/sine-fine.com\/en\/wp-json\/wp\/v2\/product_tag?post=77718"}],"curies":[{"name":"wp","href":"https:\/\/api.w.org\/{rel}","templated":true}]}}