{"id":77152,"date":"2022-08-11T09:38:08","date_gmt":"2022-08-11T09:38:08","guid":{"rendered":"https:\/\/benoit-barbagli.com\/?post_type=product&#038;p=77152"},"modified":"2023-11-03T18:08:46","modified_gmt":"2023-11-03T18:08:46","slug":"ecotopia-livre","status":"publish","type":"product","link":"https:\/\/sine-fine.com\/articles\/ecotopia-livre\/","title":{"rendered":"Ecotopia &#8211; Livre"},"content":{"rendered":"","protected":false},"excerpt":{"rendered":"<div class=\"public-DraftStyleDefault-block public-DraftStyleDefault-ltr\" data-offset-key=\"831gv-0-0\"><span data-offset-key=\"831gv-0-0\">Ce livre pr\u00e9sente la gen\u00e8se et l\u2019\u00e9volution <em>d\u2019<\/em><\/span><em>Ecotopia<\/em><span data-offset-key=\"831gv-0-2\">, de la fabrication des toiles aux treks r\u00e9alis\u00e9s dans les montagnes, en passant par les questions que soul\u00e8vent une pratique comme celle-ci, sur le plan environnemental, soci\u00e9tal, culturel et humain.<\/span><\/div>\n<div class=\"public-DraftStyleDefault-block public-DraftStyleDefault-ltr\" data-offset-key=\"dfcsl-0-0\"><em>Ecotopia<\/em><span data-offset-key=\"dfcsl-0-1\"> est le fruit de plusieurs ann\u00e9es de travail, tant sur la cr\u00e9ation des \u0153uvres et photographies qui le composent, que sur l&#8217;\u00e9criture des textes et la mise en perspective \u00e9cologique, th\u00e9orique et sociale.<\/span><\/div>\n<div class=\"public-DraftStyleDefault-block public-DraftStyleDefault-ltr\" data-offset-key=\"1aqa2-0-0\"><span data-offset-key=\"1aqa2-0-0\">Tour \u00e0 tour, on passe entre des textes th\u00e9oriques aux r\u00e9cits de voyages&#8230;<\/span><\/div>\n<div data-offset-key=\"1aqa2-0-0\"><\/div>\n<div data-offset-key=\"1aqa2-0-0\">\n<hr \/>\n<\/div>\n<div data-offset-key=\"1aqa2-0-0\"><\/div>\n<div data-offset-key=\"1aqa2-0-0\">\n<div class=\"public-DraftStyleDefault-block public-DraftStyleDefault-ltr\" data-offset-key=\"8tc58-0-0\"><span data-offset-key=\"8tc58-0-0\">Cette \u00e9dition contient les archives des \u0153uvres issues du projet <\/span><em>Ecotopia<\/em><span data-offset-key=\"8tc58-0-2\"> :<\/span><span data-offset-key=\"8tc58-0-3\"> des textes, des photos, et des liens vid\u00e9os qui retracent leurs gen\u00e8ses.<\/span><\/div>\n<div class=\"public-DraftStyleDefault-block public-DraftStyleDefault-ltr\" data-offset-key=\"due4t-0-0\"><em>Ecotopia<\/em><span data-offset-key=\"due4t-0-1\"> est une \u00e9dition bilingue fran\u00e7ais-anglais, en couverture souple de 86 pages<\/span><\/div>\n<\/div>\n<div data-offset-key=\"1aqa2-0-0\">Ce livre est une pr\u00e9-\u00e9dition limit\u00e9e et sign\u00e9e &#8211;\u00a0 Nous travaillions actuellement avec des maisons d&#8217;\u00e9ditions, pour en produire une version finale et public bient\u00f4t.<\/div>\n<div data-offset-key=\"1aqa2-0-0\"><\/div>\n<div class=\"\" data-block=\"true\" data-editor=\"53a37\" data-offset-key=\"1glc3-0-0\"><\/div>\n","protected":false},"featured_media":77146,"comment_status":"open","ping_status":"closed","template":"","meta":{"_et_pb_use_builder":"","_et_pb_old_content":"","_et_gb_content_width":""},"product_brand":[],"product_cat":[850,274],"product_tag":[],"class_list":{"0":"post-77152","1":"product","2":"type-product","3":"status-publish","4":"has-post-thumbnail","6":"product_cat-livres-decotopia","7":"product_cat-edition-livre","9":"first","10":"instock","11":"shipping-taxable","12":"purchasable","13":"product-type-simple"},"yoast_head":"<!-- This site is optimized with the Yoast SEO plugin v25.3 - https:\/\/yoast.com\/wordpress\/plugins\/seo\/ -->\n<title>Ecotopia - Livre - sine-fine.com<\/title>\n<meta name=\"robots\" content=\"index, follow, max-snippet:-1, max-image-preview:large, max-video-preview:-1\" \/>\n<link rel=\"canonical\" href=\"https:\/\/sine-fine.com\/articles\/ecotopia-livre\/\" \/>\n<meta property=\"og:locale\" content=\"en_US\" \/>\n<meta property=\"og:type\" content=\"article\" \/>\n<meta property=\"og:title\" content=\"Ecotopia - Livre - sine-fine.com\" \/>\n<meta property=\"og:description\" content=\"Ce livre pr\u00e9sente la gen\u00e8se et l\u2019\u00e9volution d\u2019Ecotopia, de la fabrication des toiles aux treks r\u00e9alis\u00e9s dans les montagnes, en passant par les questions que soul\u00e8vent une pratique comme celle-ci, sur le plan environnemental, soci\u00e9tal, culturel et humain. Ecotopia est le fruit de plusieurs ann\u00e9es de travail, tant sur la cr\u00e9ation des \u0153uvres et photographies qui le composent, que sur l&#039;\u00e9criture des textes et la mise en perspective \u00e9cologique, th\u00e9orique et sociale. Tour \u00e0 tour, on passe entre des textes th\u00e9oriques aux r\u00e9cits de voyages...         Cette \u00e9dition contient les archives des \u0153uvres issues du projet Ecotopia : des textes, des photos, et des liens vid\u00e9os qui retracent leurs gen\u00e8ses. Ecotopia est une \u00e9dition bilingue fran\u00e7ais-anglais, en couverture souple de 86 pages  Ce livre est une pr\u00e9-\u00e9dition limit\u00e9e et sign\u00e9e -\u00a0 Nous travaillions actuellement avec des maisons d&#039;\u00e9ditions, pour en produire une version finale et public bient\u00f4t.\" \/>\n<meta property=\"og:url\" content=\"https:\/\/sine-fine.com\/articles\/ecotopia-livre\/\" \/>\n<meta property=\"og:site_name\" content=\"sine-fine.com\" \/>\n<meta property=\"article:modified_time\" content=\"2023-11-03T18:08:46+00:00\" \/>\n<meta property=\"og:image\" content=\"https:\/\/sine-fine.com\/wp-content\/uploads\/2022\/08\/IMG_1621.png\" \/>\n\t<meta property=\"og:image:width\" content=\"931\" \/>\n\t<meta property=\"og:image:height\" content=\"719\" \/>\n\t<meta property=\"og:image:type\" content=\"image\/png\" \/>\n<meta name=\"twitter:card\" content=\"summary_large_image\" \/>\n<script type=\"application\/ld+json\" class=\"yoast-schema-graph\">{\"@context\":\"https:\/\/schema.org\",\"@graph\":[{\"@type\":\"WebPage\",\"@id\":\"https:\/\/sine-fine.com\/articles\/ecotopia-livre\/\",\"url\":\"https:\/\/sine-fine.com\/articles\/ecotopia-livre\/\",\"name\":\"Ecotopia - Livre - sine-fine.com\",\"isPartOf\":{\"@id\":\"https:\/\/sine-fine.com\/en\/#website\"},\"primaryImageOfPage\":{\"@id\":\"https:\/\/sine-fine.com\/articles\/ecotopia-livre\/#primaryimage\"},\"image\":{\"@id\":\"https:\/\/sine-fine.com\/articles\/ecotopia-livre\/#primaryimage\"},\"thumbnailUrl\":\"https:\/\/sine-fine.com\/wp-content\/uploads\/2022\/08\/IMG_1621.png\",\"datePublished\":\"2022-08-11T09:38:08+00:00\",\"dateModified\":\"2023-11-03T18:08:46+00:00\",\"breadcrumb\":{\"@id\":\"https:\/\/sine-fine.com\/articles\/ecotopia-livre\/#breadcrumb\"},\"inLanguage\":\"en-US\",\"potentialAction\":[{\"@type\":\"ReadAction\",\"target\":[\"https:\/\/sine-fine.com\/articles\/ecotopia-livre\/\"]}]},{\"@type\":\"ImageObject\",\"inLanguage\":\"en-US\",\"@id\":\"https:\/\/sine-fine.com\/articles\/ecotopia-livre\/#primaryimage\",\"url\":\"https:\/\/sine-fine.com\/wp-content\/uploads\/2022\/08\/IMG_1621.png\",\"contentUrl\":\"https:\/\/sine-fine.com\/wp-content\/uploads\/2022\/08\/IMG_1621.png\",\"width\":931,\"height\":719},{\"@type\":\"BreadcrumbList\",\"@id\":\"https:\/\/sine-fine.com\/articles\/ecotopia-livre\/#breadcrumb\",\"itemListElement\":[{\"@type\":\"ListItem\",\"position\":1,\"name\":\"Accueil\",\"item\":\"https:\/\/sine-fine.com\/en\/\"},{\"@type\":\"ListItem\",\"position\":2,\"name\":\"store\",\"item\":\"https:\/\/sine-fine.com\/en\/shop\/\"},{\"@type\":\"ListItem\",\"position\":3,\"name\":\"Ecotopia &#8211; Livre\"}]},{\"@type\":\"WebSite\",\"@id\":\"https:\/\/sine-fine.com\/en\/#website\",\"url\":\"https:\/\/sine-fine.com\/en\/\",\"name\":\"sine-fine.com\",\"description\":\"Sous le chaos, la vie\",\"publisher\":{\"@id\":\"https:\/\/sine-fine.com\/en\/#\/schema\/person\/78c8df9be07e5f4f79d983f84aafeefd\"},\"potentialAction\":[{\"@type\":\"SearchAction\",\"target\":{\"@type\":\"EntryPoint\",\"urlTemplate\":\"https:\/\/sine-fine.com\/en\/?s={search_term_string}\"},\"query-input\":{\"@type\":\"PropertyValueSpecification\",\"valueRequired\":true,\"valueName\":\"search_term_string\"}}],\"inLanguage\":\"en-US\"},{\"@type\":[\"Person\",\"Organization\"],\"@id\":\"https:\/\/sine-fine.com\/en\/#\/schema\/person\/78c8df9be07e5f4f79d983f84aafeefd\",\"name\":\"benoitbarbagli\",\"image\":{\"@type\":\"ImageObject\",\"inLanguage\":\"en-US\",\"@id\":\"https:\/\/sine-fine.com\/en\/#\/schema\/person\/image\/\",\"url\":\"https:\/\/sine-fine.com\/wp-content\/uploads\/2025\/04\/Sisyphe-V-V3-final-scaled.jpg\",\"contentUrl\":\"https:\/\/sine-fine.com\/wp-content\/uploads\/2025\/04\/Sisyphe-V-V3-final-scaled.jpg\",\"width\":1713,\"height\":2560,\"caption\":\"benoitbarbagli\"},\"logo\":{\"@id\":\"https:\/\/sine-fine.com\/en\/#\/schema\/person\/image\/\"}}]}<\/script>\n<!-- \/ Yoast SEO plugin. -->","yoast_head_json":{"title":"Ecotopia - Livre - sine-fine.com","robots":{"index":"index","follow":"follow","max-snippet":"max-snippet:-1","max-image-preview":"max-image-preview:large","max-video-preview":"max-video-preview:-1"},"canonical":"https:\/\/sine-fine.com\/articles\/ecotopia-livre\/","og_locale":"en_US","og_type":"article","og_title":"Ecotopia - Livre - sine-fine.com","og_description":"Ce livre pr\u00e9sente la gen\u00e8se et l\u2019\u00e9volution d\u2019Ecotopia, de la fabrication des toiles aux treks r\u00e9alis\u00e9s dans les montagnes, en passant par les questions que soul\u00e8vent une pratique comme celle-ci, sur le plan environnemental, soci\u00e9tal, culturel et humain. Ecotopia est le fruit de plusieurs ann\u00e9es de travail, tant sur la cr\u00e9ation des \u0153uvres et photographies qui le composent, que sur l'\u00e9criture des textes et la mise en perspective \u00e9cologique, th\u00e9orique et sociale. Tour \u00e0 tour, on passe entre des textes th\u00e9oriques aux r\u00e9cits de voyages...         Cette \u00e9dition contient les archives des \u0153uvres issues du projet Ecotopia : des textes, des photos, et des liens vid\u00e9os qui retracent leurs gen\u00e8ses. Ecotopia est une \u00e9dition bilingue fran\u00e7ais-anglais, en couverture souple de 86 pages  Ce livre est une pr\u00e9-\u00e9dition limit\u00e9e et sign\u00e9e -\u00a0 Nous travaillions actuellement avec des maisons d'\u00e9ditions, pour en produire une version finale et public bient\u00f4t.","og_url":"https:\/\/sine-fine.com\/articles\/ecotopia-livre\/","og_site_name":"sine-fine.com","article_modified_time":"2023-11-03T18:08:46+00:00","og_image":[{"width":931,"height":719,"url":"https:\/\/sine-fine.com\/wp-content\/uploads\/2022\/08\/IMG_1621.png","type":"image\/png"}],"twitter_card":"summary_large_image","schema":{"@context":"https:\/\/schema.org","@graph":[{"@type":"WebPage","@id":"https:\/\/sine-fine.com\/articles\/ecotopia-livre\/","url":"https:\/\/sine-fine.com\/articles\/ecotopia-livre\/","name":"Ecotopia - Livre - sine-fine.com","isPartOf":{"@id":"https:\/\/sine-fine.com\/en\/#website"},"primaryImageOfPage":{"@id":"https:\/\/sine-fine.com\/articles\/ecotopia-livre\/#primaryimage"},"image":{"@id":"https:\/\/sine-fine.com\/articles\/ecotopia-livre\/#primaryimage"},"thumbnailUrl":"https:\/\/sine-fine.com\/wp-content\/uploads\/2022\/08\/IMG_1621.png","datePublished":"2022-08-11T09:38:08+00:00","dateModified":"2023-11-03T18:08:46+00:00","breadcrumb":{"@id":"https:\/\/sine-fine.com\/articles\/ecotopia-livre\/#breadcrumb"},"inLanguage":"en-US","potentialAction":[{"@type":"ReadAction","target":["https:\/\/sine-fine.com\/articles\/ecotopia-livre\/"]}]},{"@type":"ImageObject","inLanguage":"en-US","@id":"https:\/\/sine-fine.com\/articles\/ecotopia-livre\/#primaryimage","url":"https:\/\/sine-fine.com\/wp-content\/uploads\/2022\/08\/IMG_1621.png","contentUrl":"https:\/\/sine-fine.com\/wp-content\/uploads\/2022\/08\/IMG_1621.png","width":931,"height":719},{"@type":"BreadcrumbList","@id":"https:\/\/sine-fine.com\/articles\/ecotopia-livre\/#breadcrumb","itemListElement":[{"@type":"ListItem","position":1,"name":"Accueil","item":"https:\/\/sine-fine.com\/en\/"},{"@type":"ListItem","position":2,"name":"store","item":"https:\/\/sine-fine.com\/en\/shop\/"},{"@type":"ListItem","position":3,"name":"Ecotopia &#8211; Livre"}]},{"@type":"WebSite","@id":"https:\/\/sine-fine.com\/en\/#website","url":"https:\/\/sine-fine.com\/en\/","name":"sine-fine.com","description":"Sous le chaos, la vie","publisher":{"@id":"https:\/\/sine-fine.com\/en\/#\/schema\/person\/78c8df9be07e5f4f79d983f84aafeefd"},"potentialAction":[{"@type":"SearchAction","target":{"@type":"EntryPoint","urlTemplate":"https:\/\/sine-fine.com\/en\/?s={search_term_string}"},"query-input":{"@type":"PropertyValueSpecification","valueRequired":true,"valueName":"search_term_string"}}],"inLanguage":"en-US"},{"@type":["Person","Organization"],"@id":"https:\/\/sine-fine.com\/en\/#\/schema\/person\/78c8df9be07e5f4f79d983f84aafeefd","name":"benoitbarbagli","image":{"@type":"ImageObject","inLanguage":"en-US","@id":"https:\/\/sine-fine.com\/en\/#\/schema\/person\/image\/","url":"https:\/\/sine-fine.com\/wp-content\/uploads\/2025\/04\/Sisyphe-V-V3-final-scaled.jpg","contentUrl":"https:\/\/sine-fine.com\/wp-content\/uploads\/2025\/04\/Sisyphe-V-V3-final-scaled.jpg","width":1713,"height":2560,"caption":"benoitbarbagli"},"logo":{"@id":"https:\/\/sine-fine.com\/en\/#\/schema\/person\/image\/"}}]}},"_links":{"self":[{"href":"https:\/\/sine-fine.com\/en\/wp-json\/wp\/v2\/product\/77152","targetHints":{"allow":["GET"]}}],"collection":[{"href":"https:\/\/sine-fine.com\/en\/wp-json\/wp\/v2\/product"}],"about":[{"href":"https:\/\/sine-fine.com\/en\/wp-json\/wp\/v2\/types\/product"}],"replies":[{"embeddable":true,"href":"https:\/\/sine-fine.com\/en\/wp-json\/wp\/v2\/comments?post=77152"}],"wp:featuredmedia":[{"embeddable":true,"href":"https:\/\/sine-fine.com\/en\/wp-json\/wp\/v2\/media\/77146"}],"wp:attachment":[{"href":"https:\/\/sine-fine.com\/en\/wp-json\/wp\/v2\/media?parent=77152"}],"wp:term":[{"taxonomy":"product_brand","embeddable":true,"href":"https:\/\/sine-fine.com\/en\/wp-json\/wp\/v2\/product_brand?post=77152"},{"taxonomy":"product_cat","embeddable":true,"href":"https:\/\/sine-fine.com\/en\/wp-json\/wp\/v2\/product_cat?post=77152"},{"taxonomy":"product_tag","embeddable":true,"href":"https:\/\/sine-fine.com\/en\/wp-json\/wp\/v2\/product_tag?post=77152"}],"curies":[{"name":"wp","href":"https:\/\/api.w.org\/{rel}","templated":true}]}}