{"id":76770,"date":"2022-05-06T17:55:21","date_gmt":"2022-05-06T17:55:21","guid":{"rendered":"https:\/\/benoit-barbagli.com\/?post_type=product&#038;p=76770"},"modified":"2023-11-03T18:09:10","modified_gmt":"2023-11-03T18:09:10","slug":"nouvelle-vague-catalogue-dexposition","status":"publish","type":"product","link":"https:\/\/sine-fine.com\/catalogue-nouvelle-vague\/","title":{"rendered":"Nouvelle Vague  &#8211; Catalogue d&#8217;exposition"},"content":{"rendered":"","protected":false},"excerpt":{"rendered":"<h4>Exposition personnelle de \u00a0Beno\u00eet Barbagli<\/h4>\n<h4>Commissaire: Enrico Debandi<\/h4>\n<p>Avec des \u0153uvres co-cr\u00e9e avec Aim\u00e9e Fleury<\/p>\n<p>Des textes de Enrico Debandi, Rebecca Fran\u00e7ois, Pulcherie Galmer, Luigi Garcia et Benoit Barbagli.<\/p>\n<p>Photographies :\u00a0 &#8211; <a href=\"http:\/\/www.lesmoustaches.it\/\">LesMoustachesADV<\/a><\/p>\n<p>Couverture rigide &#8211; 100 pages<\/p>\n<p>&nbsp;<\/p>\n<p>&nbsp;<\/p>\n<p>Aussi certain qu&#8217;une vague s&#8217;\u00e9chouant sur la rive annonce la suivante\u00a0 , la Nouvelle Vague reste la m\u00eame, et fait pourtant rupture avec la pr\u00e9c\u00e9dente. Un souffle continu, cyclique, inalt\u00e9rable dont le d\u00e9ferlement sur le rivage est son expression singuli\u00e8re, racontant une parole enti\u00e8re et \u00e0 chaque fois diff\u00e9rente.<\/p>\n<p>Si rupture il y a, quelle est-elle?\u00a0 Une nouvelle esth\u00e9tique ? Un manifeste ? Le manifeste appartient \u00e0 la nature, et l\u2019esth\u00e9tique est d\u00e9construite.<\/p>\n<p>Ce que Nouvelle Vague emprunte au mouvement cin\u00e9matographique \u00e9ponyme du si\u00e8cle pass\u00e9, ce n\u2019est pas l&#8217;h\u00e9ritage intellectuel ou technique de ces auteurs et acteurs, mais la rupture profonde qu\u2019elle \u00e9voque. Ce n\u2019est pas la rupture d\u2019une g\u00e9n\u00e9ration qui s\u2019affirme contre une autre, d\u2019artistes et d\u2019auteurs contre d\u2019autres. C\u2019est au contraire un geste de retrait. Une rupture avec l\u2019individualisme et sa production \u00e9gotique, une rupture avec l\u2019extraction culturelle de l\u2019homme de la nature, une rupture peut-\u00eatre m\u00eame\u00a0 avec l\u2019homme lui-m\u00eame.<\/p>\n<p>La Nouvelle Vague est comme une tentative de retrait de l\u2019ego anthropoc\u00e8ne omnipr\u00e9sent, o\u00f9 l\u2019artiste se transforme en un\u00a0 assistant, un sherpa, un soutien des forces naturelles environnantes. \u00a0( <a href=\"http:\/\/sine-fine.com\/exposition\/nouvelle-vague\/\">lire la suite \u2026<\/a>)<\/p>\n","protected":false},"featured_media":76761,"comment_status":"open","ping_status":"closed","template":"","meta":{"_et_pb_use_builder":"","_et_pb_old_content":"","_et_gb_content_width":""},"product_brand":[],"product_cat":[850,274],"product_tag":[],"class_list":{"0":"post-76770","1":"product","2":"type-product","3":"status-publish","4":"has-post-thumbnail","6":"product_cat-livres-decotopia","7":"product_cat-edition-livre","9":"first","10":"instock","11":"shipping-taxable","12":"purchasable","13":"product-type-simple"},"yoast_head":"<!-- This site is optimized with the Yoast SEO plugin v25.3 - https:\/\/yoast.com\/wordpress\/plugins\/seo\/ -->\n<title>Nouvelle Vague - Catalogue d&#039;exposition - sine-fine.com<\/title>\n<meta name=\"robots\" content=\"index, follow, max-snippet:-1, max-image-preview:large, max-video-preview:-1\" \/>\n<link rel=\"canonical\" href=\"https:\/\/sine-fine.com\/catalogue-nouvelle-vague\/\" \/>\n<meta property=\"og:locale\" content=\"en_US\" \/>\n<meta property=\"og:type\" content=\"article\" \/>\n<meta property=\"og:title\" content=\"Nouvelle Vague - Catalogue d&#039;exposition - sine-fine.com\" \/>\n<meta property=\"og:description\" content=\"Exposition personnelle de \u00a0Beno\u00eet Barbagli Commissaire: Enrico Debandi Avec des \u0153uvres co-cr\u00e9e avec Aim\u00e9e Fleury  Des textes de Enrico Debandi, Rebecca Fran\u00e7ois, Pulcherie Galmer, Luigi Garcia et Benoit Barbagli.  Photographies :\u00a0 - LesMoustachesADV  Couverture rigide - 100 pages  &nbsp;  &nbsp;  Aussi certain qu&#039;une vague s&#039;\u00e9chouant sur la rive annonce la suivante\u00a0 , la Nouvelle Vague reste la m\u00eame, et fait pourtant rupture avec la pr\u00e9c\u00e9dente. Un souffle continu, cyclique, inalt\u00e9rable dont le d\u00e9ferlement sur le rivage est son expression singuli\u00e8re, racontant une parole enti\u00e8re et \u00e0 chaque fois diff\u00e9rente.  Si rupture il y a, quelle est-elle?\u00a0 Une nouvelle esth\u00e9tique ? Un manifeste ? Le manifeste appartient \u00e0 la nature, et l\u2019esth\u00e9tique est d\u00e9construite.  Ce que Nouvelle Vague emprunte au mouvement cin\u00e9matographique \u00e9ponyme du si\u00e8cle pass\u00e9, ce n\u2019est pas l&#039;h\u00e9ritage intellectuel ou technique de ces auteurs et acteurs, mais la rupture profonde qu\u2019elle \u00e9voque. Ce n\u2019est pas la rupture d\u2019une g\u00e9n\u00e9ration qui s\u2019affirme contre une autre, d\u2019artistes et d\u2019auteurs contre d\u2019autres. C\u2019est au contraire un geste de retrait. Une rupture avec l\u2019individualisme et sa production \u00e9gotique, une rupture avec l\u2019extraction culturelle de l\u2019homme de la nature, une rupture peut-\u00eatre m\u00eame\u00a0 avec l\u2019homme lui-m\u00eame.  La Nouvelle Vague est comme une tentative de retrait de l\u2019ego anthropoc\u00e8ne omnipr\u00e9sent, o\u00f9 l\u2019artiste se transforme en un\u00a0 assistant, un sherpa, un soutien des forces naturelles environnantes. \u00a0( lire la suite \u2026)\" \/>\n<meta property=\"og:url\" content=\"https:\/\/sine-fine.com\/catalogue-nouvelle-vague\/\" \/>\n<meta property=\"og:site_name\" content=\"sine-fine.com\" \/>\n<meta property=\"article:modified_time\" content=\"2023-11-03T18:09:10+00:00\" \/>\n<meta property=\"og:image\" content=\"https:\/\/sine-fine.com\/wp-content\/uploads\/2022\/05\/DJI_20220505_161507_062-scaled.jpg\" \/>\n\t<meta property=\"og:image:width\" content=\"2560\" \/>\n\t<meta property=\"og:image:height\" content=\"2079\" \/>\n\t<meta property=\"og:image:type\" content=\"image\/jpeg\" \/>\n<meta name=\"twitter:card\" content=\"summary_large_image\" \/>\n<script type=\"application\/ld+json\" class=\"yoast-schema-graph\">{\"@context\":\"https:\/\/schema.org\",\"@graph\":[{\"@type\":\"WebPage\",\"@id\":\"https:\/\/sine-fine.com\/catalogue-nouvelle-vague\/\",\"url\":\"https:\/\/sine-fine.com\/catalogue-nouvelle-vague\/\",\"name\":\"Nouvelle Vague - Catalogue d'exposition - sine-fine.com\",\"isPartOf\":{\"@id\":\"https:\/\/sine-fine.com\/en\/#website\"},\"primaryImageOfPage\":{\"@id\":\"https:\/\/sine-fine.com\/catalogue-nouvelle-vague\/#primaryimage\"},\"image\":{\"@id\":\"https:\/\/sine-fine.com\/catalogue-nouvelle-vague\/#primaryimage\"},\"thumbnailUrl\":\"https:\/\/sine-fine.com\/wp-content\/uploads\/2022\/05\/DJI_20220505_161507_062-scaled.jpg\",\"datePublished\":\"2022-05-06T17:55:21+00:00\",\"dateModified\":\"2023-11-03T18:09:10+00:00\",\"breadcrumb\":{\"@id\":\"https:\/\/sine-fine.com\/catalogue-nouvelle-vague\/#breadcrumb\"},\"inLanguage\":\"en-US\",\"potentialAction\":[{\"@type\":\"ReadAction\",\"target\":[\"https:\/\/sine-fine.com\/catalogue-nouvelle-vague\/\"]}]},{\"@type\":\"ImageObject\",\"inLanguage\":\"en-US\",\"@id\":\"https:\/\/sine-fine.com\/catalogue-nouvelle-vague\/#primaryimage\",\"url\":\"https:\/\/sine-fine.com\/wp-content\/uploads\/2022\/05\/DJI_20220505_161507_062-scaled.jpg\",\"contentUrl\":\"https:\/\/sine-fine.com\/wp-content\/uploads\/2022\/05\/DJI_20220505_161507_062-scaled.jpg\",\"width\":2560,\"height\":2079},{\"@type\":\"BreadcrumbList\",\"@id\":\"https:\/\/sine-fine.com\/catalogue-nouvelle-vague\/#breadcrumb\",\"itemListElement\":[{\"@type\":\"ListItem\",\"position\":1,\"name\":\"Accueil\",\"item\":\"https:\/\/sine-fine.com\/en\/\"},{\"@type\":\"ListItem\",\"position\":2,\"name\":\"store\",\"item\":\"https:\/\/sine-fine.com\/en\/shop\/\"},{\"@type\":\"ListItem\",\"position\":3,\"name\":\"Nouvelle Vague &#8211; Catalogue d&rsquo;exposition\"}]},{\"@type\":\"WebSite\",\"@id\":\"https:\/\/sine-fine.com\/en\/#website\",\"url\":\"https:\/\/sine-fine.com\/en\/\",\"name\":\"sine-fine.com\",\"description\":\"Sous le chaos, la vie\",\"publisher\":{\"@id\":\"https:\/\/sine-fine.com\/en\/#\/schema\/person\/78c8df9be07e5f4f79d983f84aafeefd\"},\"potentialAction\":[{\"@type\":\"SearchAction\",\"target\":{\"@type\":\"EntryPoint\",\"urlTemplate\":\"https:\/\/sine-fine.com\/en\/?s={search_term_string}\"},\"query-input\":{\"@type\":\"PropertyValueSpecification\",\"valueRequired\":true,\"valueName\":\"search_term_string\"}}],\"inLanguage\":\"en-US\"},{\"@type\":[\"Person\",\"Organization\"],\"@id\":\"https:\/\/sine-fine.com\/en\/#\/schema\/person\/78c8df9be07e5f4f79d983f84aafeefd\",\"name\":\"benoitbarbagli\",\"image\":{\"@type\":\"ImageObject\",\"inLanguage\":\"en-US\",\"@id\":\"https:\/\/sine-fine.com\/en\/#\/schema\/person\/image\/\",\"url\":\"https:\/\/sine-fine.com\/wp-content\/uploads\/2025\/04\/Sisyphe-V-V3-final-scaled.jpg\",\"contentUrl\":\"https:\/\/sine-fine.com\/wp-content\/uploads\/2025\/04\/Sisyphe-V-V3-final-scaled.jpg\",\"width\":1713,\"height\":2560,\"caption\":\"benoitbarbagli\"},\"logo\":{\"@id\":\"https:\/\/sine-fine.com\/en\/#\/schema\/person\/image\/\"}}]}<\/script>\n<!-- \/ Yoast SEO plugin. -->","yoast_head_json":{"title":"Nouvelle Vague - Catalogue d'exposition - sine-fine.com","robots":{"index":"index","follow":"follow","max-snippet":"max-snippet:-1","max-image-preview":"max-image-preview:large","max-video-preview":"max-video-preview:-1"},"canonical":"https:\/\/sine-fine.com\/catalogue-nouvelle-vague\/","og_locale":"en_US","og_type":"article","og_title":"Nouvelle Vague - Catalogue d'exposition - sine-fine.com","og_description":"Exposition personnelle de \u00a0Beno\u00eet Barbagli Commissaire: Enrico Debandi Avec des \u0153uvres co-cr\u00e9e avec Aim\u00e9e Fleury  Des textes de Enrico Debandi, Rebecca Fran\u00e7ois, Pulcherie Galmer, Luigi Garcia et Benoit Barbagli.  Photographies :\u00a0 - LesMoustachesADV  Couverture rigide - 100 pages  &nbsp;  &nbsp;  Aussi certain qu'une vague s'\u00e9chouant sur la rive annonce la suivante\u00a0 , la Nouvelle Vague reste la m\u00eame, et fait pourtant rupture avec la pr\u00e9c\u00e9dente. Un souffle continu, cyclique, inalt\u00e9rable dont le d\u00e9ferlement sur le rivage est son expression singuli\u00e8re, racontant une parole enti\u00e8re et \u00e0 chaque fois diff\u00e9rente.  Si rupture il y a, quelle est-elle?\u00a0 Une nouvelle esth\u00e9tique ? Un manifeste ? Le manifeste appartient \u00e0 la nature, et l\u2019esth\u00e9tique est d\u00e9construite.  Ce que Nouvelle Vague emprunte au mouvement cin\u00e9matographique \u00e9ponyme du si\u00e8cle pass\u00e9, ce n\u2019est pas l'h\u00e9ritage intellectuel ou technique de ces auteurs et acteurs, mais la rupture profonde qu\u2019elle \u00e9voque. Ce n\u2019est pas la rupture d\u2019une g\u00e9n\u00e9ration qui s\u2019affirme contre une autre, d\u2019artistes et d\u2019auteurs contre d\u2019autres. C\u2019est au contraire un geste de retrait. Une rupture avec l\u2019individualisme et sa production \u00e9gotique, une rupture avec l\u2019extraction culturelle de l\u2019homme de la nature, une rupture peut-\u00eatre m\u00eame\u00a0 avec l\u2019homme lui-m\u00eame.  La Nouvelle Vague est comme une tentative de retrait de l\u2019ego anthropoc\u00e8ne omnipr\u00e9sent, o\u00f9 l\u2019artiste se transforme en un\u00a0 assistant, un sherpa, un soutien des forces naturelles environnantes. \u00a0( lire la suite \u2026)","og_url":"https:\/\/sine-fine.com\/catalogue-nouvelle-vague\/","og_site_name":"sine-fine.com","article_modified_time":"2023-11-03T18:09:10+00:00","og_image":[{"width":2560,"height":2079,"url":"https:\/\/sine-fine.com\/wp-content\/uploads\/2022\/05\/DJI_20220505_161507_062-scaled.jpg","type":"image\/jpeg"}],"twitter_card":"summary_large_image","schema":{"@context":"https:\/\/schema.org","@graph":[{"@type":"WebPage","@id":"https:\/\/sine-fine.com\/catalogue-nouvelle-vague\/","url":"https:\/\/sine-fine.com\/catalogue-nouvelle-vague\/","name":"Nouvelle Vague - Catalogue d'exposition - sine-fine.com","isPartOf":{"@id":"https:\/\/sine-fine.com\/en\/#website"},"primaryImageOfPage":{"@id":"https:\/\/sine-fine.com\/catalogue-nouvelle-vague\/#primaryimage"},"image":{"@id":"https:\/\/sine-fine.com\/catalogue-nouvelle-vague\/#primaryimage"},"thumbnailUrl":"https:\/\/sine-fine.com\/wp-content\/uploads\/2022\/05\/DJI_20220505_161507_062-scaled.jpg","datePublished":"2022-05-06T17:55:21+00:00","dateModified":"2023-11-03T18:09:10+00:00","breadcrumb":{"@id":"https:\/\/sine-fine.com\/catalogue-nouvelle-vague\/#breadcrumb"},"inLanguage":"en-US","potentialAction":[{"@type":"ReadAction","target":["https:\/\/sine-fine.com\/catalogue-nouvelle-vague\/"]}]},{"@type":"ImageObject","inLanguage":"en-US","@id":"https:\/\/sine-fine.com\/catalogue-nouvelle-vague\/#primaryimage","url":"https:\/\/sine-fine.com\/wp-content\/uploads\/2022\/05\/DJI_20220505_161507_062-scaled.jpg","contentUrl":"https:\/\/sine-fine.com\/wp-content\/uploads\/2022\/05\/DJI_20220505_161507_062-scaled.jpg","width":2560,"height":2079},{"@type":"BreadcrumbList","@id":"https:\/\/sine-fine.com\/catalogue-nouvelle-vague\/#breadcrumb","itemListElement":[{"@type":"ListItem","position":1,"name":"Accueil","item":"https:\/\/sine-fine.com\/en\/"},{"@type":"ListItem","position":2,"name":"store","item":"https:\/\/sine-fine.com\/en\/shop\/"},{"@type":"ListItem","position":3,"name":"Nouvelle Vague &#8211; Catalogue d&rsquo;exposition"}]},{"@type":"WebSite","@id":"https:\/\/sine-fine.com\/en\/#website","url":"https:\/\/sine-fine.com\/en\/","name":"sine-fine.com","description":"Sous le chaos, la vie","publisher":{"@id":"https:\/\/sine-fine.com\/en\/#\/schema\/person\/78c8df9be07e5f4f79d983f84aafeefd"},"potentialAction":[{"@type":"SearchAction","target":{"@type":"EntryPoint","urlTemplate":"https:\/\/sine-fine.com\/en\/?s={search_term_string}"},"query-input":{"@type":"PropertyValueSpecification","valueRequired":true,"valueName":"search_term_string"}}],"inLanguage":"en-US"},{"@type":["Person","Organization"],"@id":"https:\/\/sine-fine.com\/en\/#\/schema\/person\/78c8df9be07e5f4f79d983f84aafeefd","name":"benoitbarbagli","image":{"@type":"ImageObject","inLanguage":"en-US","@id":"https:\/\/sine-fine.com\/en\/#\/schema\/person\/image\/","url":"https:\/\/sine-fine.com\/wp-content\/uploads\/2025\/04\/Sisyphe-V-V3-final-scaled.jpg","contentUrl":"https:\/\/sine-fine.com\/wp-content\/uploads\/2025\/04\/Sisyphe-V-V3-final-scaled.jpg","width":1713,"height":2560,"caption":"benoitbarbagli"},"logo":{"@id":"https:\/\/sine-fine.com\/en\/#\/schema\/person\/image\/"}}]}},"_links":{"self":[{"href":"https:\/\/sine-fine.com\/en\/wp-json\/wp\/v2\/product\/76770","targetHints":{"allow":["GET"]}}],"collection":[{"href":"https:\/\/sine-fine.com\/en\/wp-json\/wp\/v2\/product"}],"about":[{"href":"https:\/\/sine-fine.com\/en\/wp-json\/wp\/v2\/types\/product"}],"replies":[{"embeddable":true,"href":"https:\/\/sine-fine.com\/en\/wp-json\/wp\/v2\/comments?post=76770"}],"wp:featuredmedia":[{"embeddable":true,"href":"https:\/\/sine-fine.com\/en\/wp-json\/wp\/v2\/media\/76761"}],"wp:attachment":[{"href":"https:\/\/sine-fine.com\/en\/wp-json\/wp\/v2\/media?parent=76770"}],"wp:term":[{"taxonomy":"product_brand","embeddable":true,"href":"https:\/\/sine-fine.com\/en\/wp-json\/wp\/v2\/product_brand?post=76770"},{"taxonomy":"product_cat","embeddable":true,"href":"https:\/\/sine-fine.com\/en\/wp-json\/wp\/v2\/product_cat?post=76770"},{"taxonomy":"product_tag","embeddable":true,"href":"https:\/\/sine-fine.com\/en\/wp-json\/wp\/v2\/product_tag?post=76770"}],"curies":[{"name":"wp","href":"https:\/\/api.w.org\/{rel}","templated":true}]}}