{"id":74720,"date":"2022-03-27T15:51:29","date_gmt":"2022-03-27T15:51:29","guid":{"rendered":"https:\/\/benoit-barbagli.com\/articles\/revolution-naturelle-iii\/"},"modified":"2022-04-14T16:39:49","modified_gmt":"2022-04-14T16:39:49","slug":"revolution-naturelle-iii","status":"publish","type":"product","link":"https:\/\/sine-fine.com\/articles\/revolution-naturelle-iii\/","title":{"rendered":"R\u00e9volution naturelle III"},"content":{"rendered":"","protected":false},"excerpt":{"rendered":"<p>Lieux: Coco-beach<br \/>\nPhotographie num\u00e9rique<br \/>\nTirage HP Vivid sur Ultra Smooth Hahnem\u00fchle 305g Aluminium 1 mm<br \/>\n90 x 70 cm<br \/>\nEncadrement bois noir &#8211; Verre Antireflet<br \/>\nOriginale<br \/>\nNombre d&#8217;exemplaire : 5<\/p>\n","protected":false},"featured_media":74707,"comment_status":"closed","ping_status":"closed","template":"","meta":{"_et_pb_use_builder":"","_et_pb_old_content":"","_et_gb_content_width":""},"product_brand":[],"product_cat":[89,90],"product_tag":[],"class_list":{"0":"post-74720","1":"product","2":"type-product","3":"status-publish","4":"has-post-thumbnail","6":"product_cat-oeuvres-originales","7":"product_cat-photographie","9":"first","10":"instock","11":"shipping-taxable","12":"purchasable","13":"product-type-simple"},"yoast_head":"<!-- This site is optimized with the Yoast SEO plugin v25.3 - https:\/\/yoast.com\/wordpress\/plugins\/seo\/ -->\n<title>R\u00e9volution naturelle III - sine-fine.com<\/title>\n<meta name=\"robots\" content=\"index, follow, max-snippet:-1, max-image-preview:large, max-video-preview:-1\" \/>\n<link rel=\"canonical\" href=\"https:\/\/sine-fine.com\/articles\/revolution-naturelle-iii\/\" \/>\n<meta property=\"og:locale\" content=\"en_US\" \/>\n<meta property=\"og:type\" content=\"article\" \/>\n<meta property=\"og:title\" content=\"R\u00e9volution naturelle III - sine-fine.com\" \/>\n<meta property=\"og:description\" content=\"Lieux: Coco-beach Photographie num\u00e9rique Tirage HP Vivid sur Ultra Smooth Hahnem\u00fchle 305g Aluminium 1 mm 90 x 70 cm Encadrement bois noir - Verre Antireflet Originale Nombre d&#039;exemplaire : 5\" \/>\n<meta property=\"og:url\" content=\"https:\/\/sine-fine.com\/articles\/revolution-naturelle-iii\/\" \/>\n<meta property=\"og:site_name\" content=\"sine-fine.com\" \/>\n<meta property=\"article:modified_time\" content=\"2022-04-14T16:39:49+00:00\" \/>\n<meta property=\"og:image\" content=\"https:\/\/sine-fine.com\/wp-content\/uploads\/2022\/03\/Originale-Re\u0301volution-naturelle-III-2020-90-x-70-cm-scaled.jpg\" \/>\n\t<meta property=\"og:image:width\" content=\"2015\" \/>\n\t<meta property=\"og:image:height\" content=\"2560\" \/>\n\t<meta property=\"og:image:type\" content=\"image\/jpeg\" \/>\n<meta name=\"twitter:card\" content=\"summary_large_image\" \/>\n<script type=\"application\/ld+json\" class=\"yoast-schema-graph\">{\"@context\":\"https:\/\/schema.org\",\"@graph\":[{\"@type\":\"WebPage\",\"@id\":\"https:\/\/sine-fine.com\/articles\/revolution-naturelle-iii\/\",\"url\":\"https:\/\/sine-fine.com\/articles\/revolution-naturelle-iii\/\",\"name\":\"R\u00e9volution naturelle III - sine-fine.com\",\"isPartOf\":{\"@id\":\"https:\/\/sine-fine.com\/en\/#website\"},\"primaryImageOfPage\":{\"@id\":\"https:\/\/sine-fine.com\/articles\/revolution-naturelle-iii\/#primaryimage\"},\"image\":{\"@id\":\"https:\/\/sine-fine.com\/articles\/revolution-naturelle-iii\/#primaryimage\"},\"thumbnailUrl\":\"https:\/\/sine-fine.com\/wp-content\/uploads\/2022\/03\/Originale-Re\u0301volution-naturelle-III-2020-90-x-70-cm-scaled.jpg\",\"datePublished\":\"2022-03-27T15:51:29+00:00\",\"dateModified\":\"2022-04-14T16:39:49+00:00\",\"breadcrumb\":{\"@id\":\"https:\/\/sine-fine.com\/articles\/revolution-naturelle-iii\/#breadcrumb\"},\"inLanguage\":\"en-US\",\"potentialAction\":[{\"@type\":\"ReadAction\",\"target\":[\"https:\/\/sine-fine.com\/articles\/revolution-naturelle-iii\/\"]}]},{\"@type\":\"ImageObject\",\"inLanguage\":\"en-US\",\"@id\":\"https:\/\/sine-fine.com\/articles\/revolution-naturelle-iii\/#primaryimage\",\"url\":\"https:\/\/sine-fine.com\/wp-content\/uploads\/2022\/03\/Originale-Re\u0301volution-naturelle-III-2020-90-x-70-cm-scaled.jpg\",\"contentUrl\":\"https:\/\/sine-fine.com\/wp-content\/uploads\/2022\/03\/Originale-Re\u0301volution-naturelle-III-2020-90-x-70-cm-scaled.jpg\",\"width\":2015,\"height\":2560},{\"@type\":\"BreadcrumbList\",\"@id\":\"https:\/\/sine-fine.com\/articles\/revolution-naturelle-iii\/#breadcrumb\",\"itemListElement\":[{\"@type\":\"ListItem\",\"position\":1,\"name\":\"Accueil\",\"item\":\"https:\/\/sine-fine.com\/en\/\"},{\"@type\":\"ListItem\",\"position\":2,\"name\":\"store\",\"item\":\"https:\/\/sine-fine.com\/en\/shop\/\"},{\"@type\":\"ListItem\",\"position\":3,\"name\":\"R\u00e9volution naturelle III\"}]},{\"@type\":\"WebSite\",\"@id\":\"https:\/\/sine-fine.com\/en\/#website\",\"url\":\"https:\/\/sine-fine.com\/en\/\",\"name\":\"sine-fine.com\",\"description\":\"Sous le chaos, la vie\",\"publisher\":{\"@id\":\"https:\/\/sine-fine.com\/en\/#\/schema\/person\/78c8df9be07e5f4f79d983f84aafeefd\"},\"potentialAction\":[{\"@type\":\"SearchAction\",\"target\":{\"@type\":\"EntryPoint\",\"urlTemplate\":\"https:\/\/sine-fine.com\/en\/?s={search_term_string}\"},\"query-input\":{\"@type\":\"PropertyValueSpecification\",\"valueRequired\":true,\"valueName\":\"search_term_string\"}}],\"inLanguage\":\"en-US\"},{\"@type\":[\"Person\",\"Organization\"],\"@id\":\"https:\/\/sine-fine.com\/en\/#\/schema\/person\/78c8df9be07e5f4f79d983f84aafeefd\",\"name\":\"benoitbarbagli\",\"image\":{\"@type\":\"ImageObject\",\"inLanguage\":\"en-US\",\"@id\":\"https:\/\/sine-fine.com\/en\/#\/schema\/person\/image\/\",\"url\":\"https:\/\/sine-fine.com\/wp-content\/uploads\/2025\/04\/Sisyphe-V-V3-final-scaled.jpg\",\"contentUrl\":\"https:\/\/sine-fine.com\/wp-content\/uploads\/2025\/04\/Sisyphe-V-V3-final-scaled.jpg\",\"width\":1713,\"height\":2560,\"caption\":\"benoitbarbagli\"},\"logo\":{\"@id\":\"https:\/\/sine-fine.com\/en\/#\/schema\/person\/image\/\"}}]}<\/script>\n<!-- \/ Yoast SEO plugin. -->","yoast_head_json":{"title":"R\u00e9volution naturelle III - sine-fine.com","robots":{"index":"index","follow":"follow","max-snippet":"max-snippet:-1","max-image-preview":"max-image-preview:large","max-video-preview":"max-video-preview:-1"},"canonical":"https:\/\/sine-fine.com\/articles\/revolution-naturelle-iii\/","og_locale":"en_US","og_type":"article","og_title":"R\u00e9volution naturelle III - sine-fine.com","og_description":"Lieux: Coco-beach Photographie num\u00e9rique Tirage HP Vivid sur Ultra Smooth Hahnem\u00fchle 305g Aluminium 1 mm 90 x 70 cm Encadrement bois noir - Verre Antireflet Originale Nombre d'exemplaire : 5","og_url":"https:\/\/sine-fine.com\/articles\/revolution-naturelle-iii\/","og_site_name":"sine-fine.com","article_modified_time":"2022-04-14T16:39:49+00:00","og_image":[{"width":2015,"height":2560,"url":"https:\/\/sine-fine.com\/wp-content\/uploads\/2022\/03\/Originale-Re\u0301volution-naturelle-III-2020-90-x-70-cm-scaled.jpg","type":"image\/jpeg"}],"twitter_card":"summary_large_image","schema":{"@context":"https:\/\/schema.org","@graph":[{"@type":"WebPage","@id":"https:\/\/sine-fine.com\/articles\/revolution-naturelle-iii\/","url":"https:\/\/sine-fine.com\/articles\/revolution-naturelle-iii\/","name":"R\u00e9volution naturelle III - sine-fine.com","isPartOf":{"@id":"https:\/\/sine-fine.com\/en\/#website"},"primaryImageOfPage":{"@id":"https:\/\/sine-fine.com\/articles\/revolution-naturelle-iii\/#primaryimage"},"image":{"@id":"https:\/\/sine-fine.com\/articles\/revolution-naturelle-iii\/#primaryimage"},"thumbnailUrl":"https:\/\/sine-fine.com\/wp-content\/uploads\/2022\/03\/Originale-Re\u0301volution-naturelle-III-2020-90-x-70-cm-scaled.jpg","datePublished":"2022-03-27T15:51:29+00:00","dateModified":"2022-04-14T16:39:49+00:00","breadcrumb":{"@id":"https:\/\/sine-fine.com\/articles\/revolution-naturelle-iii\/#breadcrumb"},"inLanguage":"en-US","potentialAction":[{"@type":"ReadAction","target":["https:\/\/sine-fine.com\/articles\/revolution-naturelle-iii\/"]}]},{"@type":"ImageObject","inLanguage":"en-US","@id":"https:\/\/sine-fine.com\/articles\/revolution-naturelle-iii\/#primaryimage","url":"https:\/\/sine-fine.com\/wp-content\/uploads\/2022\/03\/Originale-Re\u0301volution-naturelle-III-2020-90-x-70-cm-scaled.jpg","contentUrl":"https:\/\/sine-fine.com\/wp-content\/uploads\/2022\/03\/Originale-Re\u0301volution-naturelle-III-2020-90-x-70-cm-scaled.jpg","width":2015,"height":2560},{"@type":"BreadcrumbList","@id":"https:\/\/sine-fine.com\/articles\/revolution-naturelle-iii\/#breadcrumb","itemListElement":[{"@type":"ListItem","position":1,"name":"Accueil","item":"https:\/\/sine-fine.com\/en\/"},{"@type":"ListItem","position":2,"name":"store","item":"https:\/\/sine-fine.com\/en\/shop\/"},{"@type":"ListItem","position":3,"name":"R\u00e9volution naturelle III"}]},{"@type":"WebSite","@id":"https:\/\/sine-fine.com\/en\/#website","url":"https:\/\/sine-fine.com\/en\/","name":"sine-fine.com","description":"Sous le chaos, la vie","publisher":{"@id":"https:\/\/sine-fine.com\/en\/#\/schema\/person\/78c8df9be07e5f4f79d983f84aafeefd"},"potentialAction":[{"@type":"SearchAction","target":{"@type":"EntryPoint","urlTemplate":"https:\/\/sine-fine.com\/en\/?s={search_term_string}"},"query-input":{"@type":"PropertyValueSpecification","valueRequired":true,"valueName":"search_term_string"}}],"inLanguage":"en-US"},{"@type":["Person","Organization"],"@id":"https:\/\/sine-fine.com\/en\/#\/schema\/person\/78c8df9be07e5f4f79d983f84aafeefd","name":"benoitbarbagli","image":{"@type":"ImageObject","inLanguage":"en-US","@id":"https:\/\/sine-fine.com\/en\/#\/schema\/person\/image\/","url":"https:\/\/sine-fine.com\/wp-content\/uploads\/2025\/04\/Sisyphe-V-V3-final-scaled.jpg","contentUrl":"https:\/\/sine-fine.com\/wp-content\/uploads\/2025\/04\/Sisyphe-V-V3-final-scaled.jpg","width":1713,"height":2560,"caption":"benoitbarbagli"},"logo":{"@id":"https:\/\/sine-fine.com\/en\/#\/schema\/person\/image\/"}}]}},"_links":{"self":[{"href":"https:\/\/sine-fine.com\/en\/wp-json\/wp\/v2\/product\/74720","targetHints":{"allow":["GET"]}}],"collection":[{"href":"https:\/\/sine-fine.com\/en\/wp-json\/wp\/v2\/product"}],"about":[{"href":"https:\/\/sine-fine.com\/en\/wp-json\/wp\/v2\/types\/product"}],"replies":[{"embeddable":true,"href":"https:\/\/sine-fine.com\/en\/wp-json\/wp\/v2\/comments?post=74720"}],"wp:featuredmedia":[{"embeddable":true,"href":"https:\/\/sine-fine.com\/en\/wp-json\/wp\/v2\/media\/74707"}],"wp:attachment":[{"href":"https:\/\/sine-fine.com\/en\/wp-json\/wp\/v2\/media?parent=74720"}],"wp:term":[{"taxonomy":"product_brand","embeddable":true,"href":"https:\/\/sine-fine.com\/en\/wp-json\/wp\/v2\/product_brand?post=74720"},{"taxonomy":"product_cat","embeddable":true,"href":"https:\/\/sine-fine.com\/en\/wp-json\/wp\/v2\/product_cat?post=74720"},{"taxonomy":"product_tag","embeddable":true,"href":"https:\/\/sine-fine.com\/en\/wp-json\/wp\/v2\/product_tag?post=74720"}],"curies":[{"name":"wp","href":"https:\/\/api.w.org\/{rel}","templated":true}]}}