{"id":74393,"date":"2022-01-31T13:25:47","date_gmt":"2022-01-31T13:25:47","guid":{"rendered":"https:\/\/benoit-barbagli.com\/articles\/lumiere-amoureuses\/"},"modified":"2023-11-05T16:50:14","modified_gmt":"2023-11-05T16:50:14","slug":"lumiere-amoureuses","status":"publish","type":"product","link":"https:\/\/sine-fine.com\/articles\/lumiere-amoureuses\/","title":{"rendered":"Lumi\u00e8re amoureuses"},"content":{"rendered":"","protected":false},"excerpt":{"rendered":"<p>Benoit Barbagli, <em>Lumi\u00e8re amoureuse<\/em>, 2020,<\/p>\n<p>Impression pigmentaire sur papier Baryta Hahnem\u00fchle 315g<br \/>\nPlexi Noir 3mm pour Face Arri\u00e8re,\u00a0Plexi 3mm pour Face Avant antireflet, 100 \u00d7 61,8 cm<br \/>\n\u0152uvre originale, sign\u00e9e num\u00e9rot\u00e9 \u00e0 5 exemplaires<\/p>\n","protected":false},"featured_media":74391,"comment_status":"closed","ping_status":"closed","template":"","meta":{"_et_pb_use_builder":"","_et_pb_old_content":"","_et_gb_content_width":""},"product_brand":[],"product_cat":[89],"product_tag":[],"class_list":{"0":"post-74393","1":"product","2":"type-product","3":"status-publish","4":"has-post-thumbnail","6":"product_cat-oeuvres-originales","7":"product_shipping_class-broche-europe","9":"first","10":"instock","11":"shipping-taxable","12":"purchasable","13":"product-type-simple"},"yoast_head":"<!-- This site is optimized with the Yoast SEO plugin v25.3 - https:\/\/yoast.com\/wordpress\/plugins\/seo\/ -->\n<title>Lumi\u00e8re amoureuses - sine-fine.com<\/title>\n<meta name=\"robots\" content=\"index, follow, max-snippet:-1, max-image-preview:large, max-video-preview:-1\" \/>\n<link rel=\"canonical\" href=\"https:\/\/sine-fine.com\/articles\/lumiere-amoureuses\/\" \/>\n<meta property=\"og:locale\" content=\"en_US\" \/>\n<meta property=\"og:type\" content=\"article\" \/>\n<meta property=\"og:title\" content=\"Lumi\u00e8re amoureuses - sine-fine.com\" \/>\n<meta property=\"og:description\" content=\"Benoit Barbagli, Lumi\u00e8re amoureuse, 2020,  Impression pigmentaire sur papier Baryta Hahnem\u00fchle 315g Plexi Noir 3mm pour Face Arri\u00e8re,\u00a0Plexi 3mm pour Face Avant antireflet, 100 \u00d7 61,8 cm \u0152uvre originale, sign\u00e9e num\u00e9rot\u00e9 \u00e0 5 exemplaires\" \/>\n<meta property=\"og:url\" content=\"https:\/\/sine-fine.com\/articles\/lumiere-amoureuses\/\" \/>\n<meta property=\"og:site_name\" content=\"sine-fine.com\" \/>\n<meta property=\"article:modified_time\" content=\"2023-11-05T16:50:14+00:00\" \/>\n<meta property=\"og:image\" content=\"https:\/\/sine-fine.com\/wp-content\/uploads\/2022\/01\/BEN08579-Modifier.jpg\" \/>\n\t<meta property=\"og:image:width\" content=\"1200\" \/>\n\t<meta property=\"og:image:height\" content=\"742\" \/>\n\t<meta property=\"og:image:type\" content=\"image\/jpeg\" \/>\n<meta name=\"twitter:card\" content=\"summary_large_image\" \/>\n<script type=\"application\/ld+json\" class=\"yoast-schema-graph\">{\"@context\":\"https:\/\/schema.org\",\"@graph\":[{\"@type\":\"WebPage\",\"@id\":\"https:\/\/sine-fine.com\/articles\/lumiere-amoureuses\/\",\"url\":\"https:\/\/sine-fine.com\/articles\/lumiere-amoureuses\/\",\"name\":\"Lumi\u00e8re amoureuses - sine-fine.com\",\"isPartOf\":{\"@id\":\"https:\/\/sine-fine.com\/en\/#website\"},\"primaryImageOfPage\":{\"@id\":\"https:\/\/sine-fine.com\/articles\/lumiere-amoureuses\/#primaryimage\"},\"image\":{\"@id\":\"https:\/\/sine-fine.com\/articles\/lumiere-amoureuses\/#primaryimage\"},\"thumbnailUrl\":\"https:\/\/sine-fine.com\/wp-content\/uploads\/2022\/01\/BEN08579-Modifier.jpg\",\"datePublished\":\"2022-01-31T13:25:47+00:00\",\"dateModified\":\"2023-11-05T16:50:14+00:00\",\"breadcrumb\":{\"@id\":\"https:\/\/sine-fine.com\/articles\/lumiere-amoureuses\/#breadcrumb\"},\"inLanguage\":\"en-US\",\"potentialAction\":[{\"@type\":\"ReadAction\",\"target\":[\"https:\/\/sine-fine.com\/articles\/lumiere-amoureuses\/\"]}]},{\"@type\":\"ImageObject\",\"inLanguage\":\"en-US\",\"@id\":\"https:\/\/sine-fine.com\/articles\/lumiere-amoureuses\/#primaryimage\",\"url\":\"https:\/\/sine-fine.com\/wp-content\/uploads\/2022\/01\/BEN08579-Modifier.jpg\",\"contentUrl\":\"https:\/\/sine-fine.com\/wp-content\/uploads\/2022\/01\/BEN08579-Modifier.jpg\",\"width\":1200,\"height\":742},{\"@type\":\"BreadcrumbList\",\"@id\":\"https:\/\/sine-fine.com\/articles\/lumiere-amoureuses\/#breadcrumb\",\"itemListElement\":[{\"@type\":\"ListItem\",\"position\":1,\"name\":\"Accueil\",\"item\":\"https:\/\/sine-fine.com\/en\/\"},{\"@type\":\"ListItem\",\"position\":2,\"name\":\"store\",\"item\":\"https:\/\/sine-fine.com\/en\/shop\/\"},{\"@type\":\"ListItem\",\"position\":3,\"name\":\"Lumi\u00e8re amoureuses\"}]},{\"@type\":\"WebSite\",\"@id\":\"https:\/\/sine-fine.com\/en\/#website\",\"url\":\"https:\/\/sine-fine.com\/en\/\",\"name\":\"sine-fine.com\",\"description\":\"Sous le chaos, la vie\",\"publisher\":{\"@id\":\"https:\/\/sine-fine.com\/en\/#\/schema\/person\/78c8df9be07e5f4f79d983f84aafeefd\"},\"potentialAction\":[{\"@type\":\"SearchAction\",\"target\":{\"@type\":\"EntryPoint\",\"urlTemplate\":\"https:\/\/sine-fine.com\/en\/?s={search_term_string}\"},\"query-input\":{\"@type\":\"PropertyValueSpecification\",\"valueRequired\":true,\"valueName\":\"search_term_string\"}}],\"inLanguage\":\"en-US\"},{\"@type\":[\"Person\",\"Organization\"],\"@id\":\"https:\/\/sine-fine.com\/en\/#\/schema\/person\/78c8df9be07e5f4f79d983f84aafeefd\",\"name\":\"benoitbarbagli\",\"image\":{\"@type\":\"ImageObject\",\"inLanguage\":\"en-US\",\"@id\":\"https:\/\/sine-fine.com\/en\/#\/schema\/person\/image\/\",\"url\":\"https:\/\/sine-fine.com\/wp-content\/uploads\/2025\/04\/Sisyphe-V-V3-final-scaled.jpg\",\"contentUrl\":\"https:\/\/sine-fine.com\/wp-content\/uploads\/2025\/04\/Sisyphe-V-V3-final-scaled.jpg\",\"width\":1713,\"height\":2560,\"caption\":\"benoitbarbagli\"},\"logo\":{\"@id\":\"https:\/\/sine-fine.com\/en\/#\/schema\/person\/image\/\"}}]}<\/script>\n<!-- \/ Yoast SEO plugin. -->","yoast_head_json":{"title":"Lumi\u00e8re amoureuses - sine-fine.com","robots":{"index":"index","follow":"follow","max-snippet":"max-snippet:-1","max-image-preview":"max-image-preview:large","max-video-preview":"max-video-preview:-1"},"canonical":"https:\/\/sine-fine.com\/articles\/lumiere-amoureuses\/","og_locale":"en_US","og_type":"article","og_title":"Lumi\u00e8re amoureuses - sine-fine.com","og_description":"Benoit Barbagli, Lumi\u00e8re amoureuse, 2020,  Impression pigmentaire sur papier Baryta Hahnem\u00fchle 315g Plexi Noir 3mm pour Face Arri\u00e8re,\u00a0Plexi 3mm pour Face Avant antireflet, 100 \u00d7 61,8 cm \u0152uvre originale, sign\u00e9e num\u00e9rot\u00e9 \u00e0 5 exemplaires","og_url":"https:\/\/sine-fine.com\/articles\/lumiere-amoureuses\/","og_site_name":"sine-fine.com","article_modified_time":"2023-11-05T16:50:14+00:00","og_image":[{"width":1200,"height":742,"url":"https:\/\/sine-fine.com\/wp-content\/uploads\/2022\/01\/BEN08579-Modifier.jpg","type":"image\/jpeg"}],"twitter_card":"summary_large_image","schema":{"@context":"https:\/\/schema.org","@graph":[{"@type":"WebPage","@id":"https:\/\/sine-fine.com\/articles\/lumiere-amoureuses\/","url":"https:\/\/sine-fine.com\/articles\/lumiere-amoureuses\/","name":"Lumi\u00e8re amoureuses - sine-fine.com","isPartOf":{"@id":"https:\/\/sine-fine.com\/en\/#website"},"primaryImageOfPage":{"@id":"https:\/\/sine-fine.com\/articles\/lumiere-amoureuses\/#primaryimage"},"image":{"@id":"https:\/\/sine-fine.com\/articles\/lumiere-amoureuses\/#primaryimage"},"thumbnailUrl":"https:\/\/sine-fine.com\/wp-content\/uploads\/2022\/01\/BEN08579-Modifier.jpg","datePublished":"2022-01-31T13:25:47+00:00","dateModified":"2023-11-05T16:50:14+00:00","breadcrumb":{"@id":"https:\/\/sine-fine.com\/articles\/lumiere-amoureuses\/#breadcrumb"},"inLanguage":"en-US","potentialAction":[{"@type":"ReadAction","target":["https:\/\/sine-fine.com\/articles\/lumiere-amoureuses\/"]}]},{"@type":"ImageObject","inLanguage":"en-US","@id":"https:\/\/sine-fine.com\/articles\/lumiere-amoureuses\/#primaryimage","url":"https:\/\/sine-fine.com\/wp-content\/uploads\/2022\/01\/BEN08579-Modifier.jpg","contentUrl":"https:\/\/sine-fine.com\/wp-content\/uploads\/2022\/01\/BEN08579-Modifier.jpg","width":1200,"height":742},{"@type":"BreadcrumbList","@id":"https:\/\/sine-fine.com\/articles\/lumiere-amoureuses\/#breadcrumb","itemListElement":[{"@type":"ListItem","position":1,"name":"Accueil","item":"https:\/\/sine-fine.com\/en\/"},{"@type":"ListItem","position":2,"name":"store","item":"https:\/\/sine-fine.com\/en\/shop\/"},{"@type":"ListItem","position":3,"name":"Lumi\u00e8re amoureuses"}]},{"@type":"WebSite","@id":"https:\/\/sine-fine.com\/en\/#website","url":"https:\/\/sine-fine.com\/en\/","name":"sine-fine.com","description":"Sous le chaos, la vie","publisher":{"@id":"https:\/\/sine-fine.com\/en\/#\/schema\/person\/78c8df9be07e5f4f79d983f84aafeefd"},"potentialAction":[{"@type":"SearchAction","target":{"@type":"EntryPoint","urlTemplate":"https:\/\/sine-fine.com\/en\/?s={search_term_string}"},"query-input":{"@type":"PropertyValueSpecification","valueRequired":true,"valueName":"search_term_string"}}],"inLanguage":"en-US"},{"@type":["Person","Organization"],"@id":"https:\/\/sine-fine.com\/en\/#\/schema\/person\/78c8df9be07e5f4f79d983f84aafeefd","name":"benoitbarbagli","image":{"@type":"ImageObject","inLanguage":"en-US","@id":"https:\/\/sine-fine.com\/en\/#\/schema\/person\/image\/","url":"https:\/\/sine-fine.com\/wp-content\/uploads\/2025\/04\/Sisyphe-V-V3-final-scaled.jpg","contentUrl":"https:\/\/sine-fine.com\/wp-content\/uploads\/2025\/04\/Sisyphe-V-V3-final-scaled.jpg","width":1713,"height":2560,"caption":"benoitbarbagli"},"logo":{"@id":"https:\/\/sine-fine.com\/en\/#\/schema\/person\/image\/"}}]}},"_links":{"self":[{"href":"https:\/\/sine-fine.com\/en\/wp-json\/wp\/v2\/product\/74393","targetHints":{"allow":["GET"]}}],"collection":[{"href":"https:\/\/sine-fine.com\/en\/wp-json\/wp\/v2\/product"}],"about":[{"href":"https:\/\/sine-fine.com\/en\/wp-json\/wp\/v2\/types\/product"}],"replies":[{"embeddable":true,"href":"https:\/\/sine-fine.com\/en\/wp-json\/wp\/v2\/comments?post=74393"}],"wp:featuredmedia":[{"embeddable":true,"href":"https:\/\/sine-fine.com\/en\/wp-json\/wp\/v2\/media\/74391"}],"wp:attachment":[{"href":"https:\/\/sine-fine.com\/en\/wp-json\/wp\/v2\/media?parent=74393"}],"wp:term":[{"taxonomy":"product_brand","embeddable":true,"href":"https:\/\/sine-fine.com\/en\/wp-json\/wp\/v2\/product_brand?post=74393"},{"taxonomy":"product_cat","embeddable":true,"href":"https:\/\/sine-fine.com\/en\/wp-json\/wp\/v2\/product_cat?post=74393"},{"taxonomy":"product_tag","embeddable":true,"href":"https:\/\/sine-fine.com\/en\/wp-json\/wp\/v2\/product_tag?post=74393"}],"curies":[{"name":"wp","href":"https:\/\/api.w.org\/{rel}","templated":true}]}}