{"id":73081,"date":"2020-12-18T17:16:27","date_gmt":"2020-12-18T17:16:27","guid":{"rendered":"https:\/\/benoit-barbagli.com\/articles\/revolution-amoureuse\/"},"modified":"2023-11-05T16:52:36","modified_gmt":"2023-11-05T16:52:36","slug":"revolution-amoureuse","status":"publish","type":"product","link":"https:\/\/sine-fine.com\/articles\/revolution-amoureuse\/","title":{"rendered":"R\u00e9volution Amoureuse &#8211; Digigraphie"},"content":{"rendered":"","protected":false},"excerpt":{"rendered":"<p>R\u00e9volution amoureuse, 2020<\/p>\n<p class=\"p1\">Digigraphie, \u00c9preuve pigmentaire<span class=\"Apple-converted-space\"> &#8211;\u00a0<\/span>Ultra Smooth Hahnem\u00fchle 305g<\/p>\n<p class=\"p1\">Sign\u00e9e et num\u00e9rot\u00e9e<\/p>\n<p>Certaines sont rehauss\u00e9es par l&#8217;artiste<\/p>\n<p>Tirage : 60 exemplaires<\/p>\n","protected":false},"featured_media":74371,"comment_status":"closed","ping_status":"closed","template":"","meta":{"_et_pb_use_builder":"","_et_pb_old_content":"","_et_gb_content_width":""},"product_brand":[],"product_cat":[134,135],"product_tag":[840],"class_list":{"0":"post-73081","1":"product","2":"type-product","3":"status-publish","4":"has-post-thumbnail","6":"product_cat-edition-limitees","7":"product_cat-editions-photographiques","8":"product_tag-taille","10":"first","11":"instock","12":"shipping-taxable","13":"purchasable","14":"product-type-simple"},"yoast_head":"<!-- This site is optimized with the Yoast SEO plugin v25.3 - https:\/\/yoast.com\/wordpress\/plugins\/seo\/ -->\n<title>R\u00e9volution Amoureuse - Digigraphie - sine-fine.com<\/title>\n<meta name=\"robots\" content=\"index, follow, max-snippet:-1, max-image-preview:large, max-video-preview:-1\" \/>\n<link rel=\"canonical\" href=\"https:\/\/sine-fine.com\/articles\/revolution-amoureuse\/\" \/>\n<meta property=\"og:locale\" content=\"en_US\" \/>\n<meta property=\"og:type\" content=\"article\" \/>\n<meta property=\"og:title\" content=\"R\u00e9volution Amoureuse - Digigraphie - sine-fine.com\" \/>\n<meta property=\"og:description\" content=\"R\u00e9volution amoureuse, 2020 Digigraphie, \u00c9preuve pigmentaire -\u00a0Ultra Smooth Hahnem\u00fchle 305g Sign\u00e9e et num\u00e9rot\u00e9e Certaines sont rehauss\u00e9es par l&#039;artiste  Tirage : 60 exemplaires\" \/>\n<meta property=\"og:url\" content=\"https:\/\/sine-fine.com\/articles\/revolution-amoureuse\/\" \/>\n<meta property=\"og:site_name\" content=\"sine-fine.com\" \/>\n<meta property=\"article:modified_time\" content=\"2023-11-05T16:52:36+00:00\" \/>\n<meta property=\"og:image\" content=\"https:\/\/sine-fine.com\/wp-content\/uploads\/2022\/01\/Plan-de-travail-11@10x-100.jpg\" \/>\n\t<meta property=\"og:image:width\" content=\"859\" \/>\n\t<meta property=\"og:image:height\" content=\"1200\" \/>\n\t<meta property=\"og:image:type\" content=\"image\/jpeg\" \/>\n<meta name=\"twitter:card\" content=\"summary_large_image\" \/>\n<script type=\"application\/ld+json\" class=\"yoast-schema-graph\">{\"@context\":\"https:\/\/schema.org\",\"@graph\":[{\"@type\":\"WebPage\",\"@id\":\"https:\/\/sine-fine.com\/articles\/revolution-amoureuse\/\",\"url\":\"https:\/\/sine-fine.com\/articles\/revolution-amoureuse\/\",\"name\":\"R\u00e9volution Amoureuse - Digigraphie - sine-fine.com\",\"isPartOf\":{\"@id\":\"https:\/\/sine-fine.com\/en\/#website\"},\"primaryImageOfPage\":{\"@id\":\"https:\/\/sine-fine.com\/articles\/revolution-amoureuse\/#primaryimage\"},\"image\":{\"@id\":\"https:\/\/sine-fine.com\/articles\/revolution-amoureuse\/#primaryimage\"},\"thumbnailUrl\":\"https:\/\/sine-fine.com\/wp-content\/uploads\/2022\/01\/Plan-de-travail-11@10x-100.jpg\",\"datePublished\":\"2020-12-18T17:16:27+00:00\",\"dateModified\":\"2023-11-05T16:52:36+00:00\",\"breadcrumb\":{\"@id\":\"https:\/\/sine-fine.com\/articles\/revolution-amoureuse\/#breadcrumb\"},\"inLanguage\":\"en-US\",\"potentialAction\":[{\"@type\":\"ReadAction\",\"target\":[\"https:\/\/sine-fine.com\/articles\/revolution-amoureuse\/\"]}]},{\"@type\":\"ImageObject\",\"inLanguage\":\"en-US\",\"@id\":\"https:\/\/sine-fine.com\/articles\/revolution-amoureuse\/#primaryimage\",\"url\":\"https:\/\/sine-fine.com\/wp-content\/uploads\/2022\/01\/Plan-de-travail-11@10x-100.jpg\",\"contentUrl\":\"https:\/\/sine-fine.com\/wp-content\/uploads\/2022\/01\/Plan-de-travail-11@10x-100.jpg\",\"width\":859,\"height\":1200},{\"@type\":\"BreadcrumbList\",\"@id\":\"https:\/\/sine-fine.com\/articles\/revolution-amoureuse\/#breadcrumb\",\"itemListElement\":[{\"@type\":\"ListItem\",\"position\":1,\"name\":\"Accueil\",\"item\":\"https:\/\/sine-fine.com\/en\/\"},{\"@type\":\"ListItem\",\"position\":2,\"name\":\"store\",\"item\":\"https:\/\/sine-fine.com\/en\/shop\/\"},{\"@type\":\"ListItem\",\"position\":3,\"name\":\"R\u00e9volution Amoureuse &#8211; Digigraphie\"}]},{\"@type\":\"WebSite\",\"@id\":\"https:\/\/sine-fine.com\/en\/#website\",\"url\":\"https:\/\/sine-fine.com\/en\/\",\"name\":\"sine-fine.com\",\"description\":\"Sous le chaos, la vie\",\"publisher\":{\"@id\":\"https:\/\/sine-fine.com\/en\/#\/schema\/person\/78c8df9be07e5f4f79d983f84aafeefd\"},\"potentialAction\":[{\"@type\":\"SearchAction\",\"target\":{\"@type\":\"EntryPoint\",\"urlTemplate\":\"https:\/\/sine-fine.com\/en\/?s={search_term_string}\"},\"query-input\":{\"@type\":\"PropertyValueSpecification\",\"valueRequired\":true,\"valueName\":\"search_term_string\"}}],\"inLanguage\":\"en-US\"},{\"@type\":[\"Person\",\"Organization\"],\"@id\":\"https:\/\/sine-fine.com\/en\/#\/schema\/person\/78c8df9be07e5f4f79d983f84aafeefd\",\"name\":\"benoitbarbagli\",\"image\":{\"@type\":\"ImageObject\",\"inLanguage\":\"en-US\",\"@id\":\"https:\/\/sine-fine.com\/en\/#\/schema\/person\/image\/\",\"url\":\"https:\/\/sine-fine.com\/wp-content\/uploads\/2025\/04\/Sisyphe-V-V3-final-scaled.jpg\",\"contentUrl\":\"https:\/\/sine-fine.com\/wp-content\/uploads\/2025\/04\/Sisyphe-V-V3-final-scaled.jpg\",\"width\":1713,\"height\":2560,\"caption\":\"benoitbarbagli\"},\"logo\":{\"@id\":\"https:\/\/sine-fine.com\/en\/#\/schema\/person\/image\/\"}}]}<\/script>\n<!-- \/ Yoast SEO plugin. -->","yoast_head_json":{"title":"R\u00e9volution Amoureuse - Digigraphie - sine-fine.com","robots":{"index":"index","follow":"follow","max-snippet":"max-snippet:-1","max-image-preview":"max-image-preview:large","max-video-preview":"max-video-preview:-1"},"canonical":"https:\/\/sine-fine.com\/articles\/revolution-amoureuse\/","og_locale":"en_US","og_type":"article","og_title":"R\u00e9volution Amoureuse - Digigraphie - sine-fine.com","og_description":"R\u00e9volution amoureuse, 2020 Digigraphie, \u00c9preuve pigmentaire -\u00a0Ultra Smooth Hahnem\u00fchle 305g Sign\u00e9e et num\u00e9rot\u00e9e Certaines sont rehauss\u00e9es par l'artiste  Tirage : 60 exemplaires","og_url":"https:\/\/sine-fine.com\/articles\/revolution-amoureuse\/","og_site_name":"sine-fine.com","article_modified_time":"2023-11-05T16:52:36+00:00","og_image":[{"width":859,"height":1200,"url":"https:\/\/sine-fine.com\/wp-content\/uploads\/2022\/01\/Plan-de-travail-11@10x-100.jpg","type":"image\/jpeg"}],"twitter_card":"summary_large_image","schema":{"@context":"https:\/\/schema.org","@graph":[{"@type":"WebPage","@id":"https:\/\/sine-fine.com\/articles\/revolution-amoureuse\/","url":"https:\/\/sine-fine.com\/articles\/revolution-amoureuse\/","name":"R\u00e9volution Amoureuse - Digigraphie - sine-fine.com","isPartOf":{"@id":"https:\/\/sine-fine.com\/en\/#website"},"primaryImageOfPage":{"@id":"https:\/\/sine-fine.com\/articles\/revolution-amoureuse\/#primaryimage"},"image":{"@id":"https:\/\/sine-fine.com\/articles\/revolution-amoureuse\/#primaryimage"},"thumbnailUrl":"https:\/\/sine-fine.com\/wp-content\/uploads\/2022\/01\/Plan-de-travail-11@10x-100.jpg","datePublished":"2020-12-18T17:16:27+00:00","dateModified":"2023-11-05T16:52:36+00:00","breadcrumb":{"@id":"https:\/\/sine-fine.com\/articles\/revolution-amoureuse\/#breadcrumb"},"inLanguage":"en-US","potentialAction":[{"@type":"ReadAction","target":["https:\/\/sine-fine.com\/articles\/revolution-amoureuse\/"]}]},{"@type":"ImageObject","inLanguage":"en-US","@id":"https:\/\/sine-fine.com\/articles\/revolution-amoureuse\/#primaryimage","url":"https:\/\/sine-fine.com\/wp-content\/uploads\/2022\/01\/Plan-de-travail-11@10x-100.jpg","contentUrl":"https:\/\/sine-fine.com\/wp-content\/uploads\/2022\/01\/Plan-de-travail-11@10x-100.jpg","width":859,"height":1200},{"@type":"BreadcrumbList","@id":"https:\/\/sine-fine.com\/articles\/revolution-amoureuse\/#breadcrumb","itemListElement":[{"@type":"ListItem","position":1,"name":"Accueil","item":"https:\/\/sine-fine.com\/en\/"},{"@type":"ListItem","position":2,"name":"store","item":"https:\/\/sine-fine.com\/en\/shop\/"},{"@type":"ListItem","position":3,"name":"R\u00e9volution Amoureuse &#8211; Digigraphie"}]},{"@type":"WebSite","@id":"https:\/\/sine-fine.com\/en\/#website","url":"https:\/\/sine-fine.com\/en\/","name":"sine-fine.com","description":"Sous le chaos, la vie","publisher":{"@id":"https:\/\/sine-fine.com\/en\/#\/schema\/person\/78c8df9be07e5f4f79d983f84aafeefd"},"potentialAction":[{"@type":"SearchAction","target":{"@type":"EntryPoint","urlTemplate":"https:\/\/sine-fine.com\/en\/?s={search_term_string}"},"query-input":{"@type":"PropertyValueSpecification","valueRequired":true,"valueName":"search_term_string"}}],"inLanguage":"en-US"},{"@type":["Person","Organization"],"@id":"https:\/\/sine-fine.com\/en\/#\/schema\/person\/78c8df9be07e5f4f79d983f84aafeefd","name":"benoitbarbagli","image":{"@type":"ImageObject","inLanguage":"en-US","@id":"https:\/\/sine-fine.com\/en\/#\/schema\/person\/image\/","url":"https:\/\/sine-fine.com\/wp-content\/uploads\/2025\/04\/Sisyphe-V-V3-final-scaled.jpg","contentUrl":"https:\/\/sine-fine.com\/wp-content\/uploads\/2025\/04\/Sisyphe-V-V3-final-scaled.jpg","width":1713,"height":2560,"caption":"benoitbarbagli"},"logo":{"@id":"https:\/\/sine-fine.com\/en\/#\/schema\/person\/image\/"}}]}},"_links":{"self":[{"href":"https:\/\/sine-fine.com\/en\/wp-json\/wp\/v2\/product\/73081","targetHints":{"allow":["GET"]}}],"collection":[{"href":"https:\/\/sine-fine.com\/en\/wp-json\/wp\/v2\/product"}],"about":[{"href":"https:\/\/sine-fine.com\/en\/wp-json\/wp\/v2\/types\/product"}],"replies":[{"embeddable":true,"href":"https:\/\/sine-fine.com\/en\/wp-json\/wp\/v2\/comments?post=73081"}],"wp:featuredmedia":[{"embeddable":true,"href":"https:\/\/sine-fine.com\/en\/wp-json\/wp\/v2\/media\/74371"}],"wp:attachment":[{"href":"https:\/\/sine-fine.com\/en\/wp-json\/wp\/v2\/media?parent=73081"}],"wp:term":[{"taxonomy":"product_brand","embeddable":true,"href":"https:\/\/sine-fine.com\/en\/wp-json\/wp\/v2\/product_brand?post=73081"},{"taxonomy":"product_cat","embeddable":true,"href":"https:\/\/sine-fine.com\/en\/wp-json\/wp\/v2\/product_cat?post=73081"},{"taxonomy":"product_tag","embeddable":true,"href":"https:\/\/sine-fine.com\/en\/wp-json\/wp\/v2\/product_tag?post=73081"}],"curies":[{"name":"wp","href":"https:\/\/api.w.org\/{rel}","templated":true}]}}