{"id":43138,"date":"2020-05-01T08:31:46","date_gmt":"2020-05-01T08:31:46","guid":{"rendered":"https:\/\/benoit-barbagli.com\/articles\/le-grand-nord\/"},"modified":"2023-10-22T15:58:34","modified_gmt":"2023-10-22T15:58:34","slug":"le-grand-nord","status":"publish","type":"product","link":"https:\/\/sine-fine.com\/articles\/le-grand-nord\/","title":{"rendered":"Benoit Barbagli, Le Grand Nord"},"content":{"rendered":"","protected":false},"excerpt":{"rendered":"<p class=\"p1\" style=\"text-align: left;\">Benoit Barbagli<i>, Le grand nord<\/i>, 2019<\/p>\n<p class=\"p1\">\u00c9preuve pigmentaire sur papier Ultra Smooth Hahnem\u00fchle 305g,\u00a0100 x 67 cm<\/p>\n<p class=\"p1\">\n","protected":false},"featured_media":74401,"comment_status":"closed","ping_status":"closed","template":"","meta":{"_et_pb_use_builder":"","_et_pb_old_content":"","_et_gb_content_width":""},"product_brand":[],"product_cat":[16,89],"product_tag":[],"class_list":{"0":"post-43138","1":"product","2":"type-product","3":"status-publish","4":"has-post-thumbnail","6":"product_cat-non-classe","7":"product_cat-oeuvres-originales","9":"first","10":"instock","11":"sold-individually","12":"shipping-taxable","13":"purchasable","14":"product-type-simple"},"yoast_head":"<!-- This site is optimized with the Yoast SEO plugin v25.3 - https:\/\/yoast.com\/wordpress\/plugins\/seo\/ -->\n<title>Benoit Barbagli, Le Grand Nord - Beno\u00eet Barbagli - sine-fine.com<\/title>\n<meta name=\"description\" content=\"Le grand nord, 2019 \u00c9preuve pigmentaire sur papier Ultra Smooth Hahnem\u00fchle 305g Exemplaires num\u00e9ro 4\/5 Sign\u00e9 dat\u00e9 et num\u00e9rot\u00e9 au dos Encadrement bois noir verre Antireflet100 x 67 cm\" \/>\n<meta name=\"robots\" content=\"index, follow, max-snippet:-1, max-image-preview:large, max-video-preview:-1\" \/>\n<link rel=\"canonical\" href=\"https:\/\/sine-fine.com\/articles\/le-grand-nord\/\" \/>\n<meta property=\"og:locale\" content=\"en_US\" \/>\n<meta property=\"og:type\" content=\"article\" \/>\n<meta property=\"og:title\" content=\"Benoit Barbagli, Le Grand Nord - Beno\u00eet Barbagli - sine-fine.com\" \/>\n<meta property=\"og:description\" content=\"Le grand nord, 2019 \u00c9preuve pigmentaire sur papier Ultra Smooth Hahnem\u00fchle 305g Exemplaires num\u00e9ro 4\/5 Sign\u00e9 dat\u00e9 et num\u00e9rot\u00e9 au dos Encadrement bois noir verre Antireflet100 x 67 cm\" \/>\n<meta property=\"og:url\" content=\"https:\/\/sine-fine.com\/articles\/le-grand-nord\/\" \/>\n<meta property=\"og:site_name\" content=\"sine-fine.com\" \/>\n<meta property=\"article:modified_time\" content=\"2023-10-22T15:58:34+00:00\" \/>\n<meta property=\"og:image\" content=\"https:\/\/sine-fine.com\/wp-content\/uploads\/2019\/05\/DSC02317-scaled.jpg\" \/>\n\t<meta property=\"og:image:width\" content=\"2560\" \/>\n\t<meta property=\"og:image:height\" content=\"1630\" \/>\n\t<meta property=\"og:image:type\" content=\"image\/jpeg\" \/>\n<meta name=\"twitter:card\" content=\"summary_large_image\" \/>\n<script type=\"application\/ld+json\" class=\"yoast-schema-graph\">{\"@context\":\"https:\/\/schema.org\",\"@graph\":[{\"@type\":\"WebPage\",\"@id\":\"https:\/\/sine-fine.com\/articles\/le-grand-nord\/\",\"url\":\"https:\/\/sine-fine.com\/articles\/le-grand-nord\/\",\"name\":\"Benoit Barbagli, Le Grand Nord - Beno\u00eet Barbagli - sine-fine.com\",\"isPartOf\":{\"@id\":\"https:\/\/sine-fine.com\/en\/#website\"},\"primaryImageOfPage\":{\"@id\":\"https:\/\/sine-fine.com\/articles\/le-grand-nord\/#primaryimage\"},\"image\":{\"@id\":\"https:\/\/sine-fine.com\/articles\/le-grand-nord\/#primaryimage\"},\"thumbnailUrl\":\"https:\/\/sine-fine.com\/wp-content\/uploads\/2022\/01\/8_Le-grand-nord-2019-100-x-67-cm.jpg\",\"datePublished\":\"2020-05-01T08:31:46+00:00\",\"dateModified\":\"2023-10-22T15:58:34+00:00\",\"description\":\"Le grand nord, 2019 \u00c9preuve pigmentaire sur papier Ultra Smooth Hahnem\u00fchle 305g Exemplaires num\u00e9ro 4\/5 Sign\u00e9 dat\u00e9 et num\u00e9rot\u00e9 au dos Encadrement bois noir verre Antireflet100 x 67 cm\",\"breadcrumb\":{\"@id\":\"https:\/\/sine-fine.com\/articles\/le-grand-nord\/#breadcrumb\"},\"inLanguage\":\"en-US\",\"potentialAction\":[{\"@type\":\"ReadAction\",\"target\":[\"https:\/\/sine-fine.com\/articles\/le-grand-nord\/\"]}]},{\"@type\":\"ImageObject\",\"inLanguage\":\"en-US\",\"@id\":\"https:\/\/sine-fine.com\/articles\/le-grand-nord\/#primaryimage\",\"url\":\"https:\/\/sine-fine.com\/wp-content\/uploads\/2022\/01\/8_Le-grand-nord-2019-100-x-67-cm.jpg\",\"contentUrl\":\"https:\/\/sine-fine.com\/wp-content\/uploads\/2022\/01\/8_Le-grand-nord-2019-100-x-67-cm.jpg\",\"width\":1200,\"height\":800},{\"@type\":\"BreadcrumbList\",\"@id\":\"https:\/\/sine-fine.com\/articles\/le-grand-nord\/#breadcrumb\",\"itemListElement\":[{\"@type\":\"ListItem\",\"position\":1,\"name\":\"Accueil\",\"item\":\"https:\/\/sine-fine.com\/en\/\"},{\"@type\":\"ListItem\",\"position\":2,\"name\":\"store\",\"item\":\"https:\/\/sine-fine.com\/en\/shop\/\"},{\"@type\":\"ListItem\",\"position\":3,\"name\":\"Benoit Barbagli, Le Grand Nord\"}]},{\"@type\":\"WebSite\",\"@id\":\"https:\/\/sine-fine.com\/en\/#website\",\"url\":\"https:\/\/sine-fine.com\/en\/\",\"name\":\"sine-fine.com\",\"description\":\"Sous le chaos, la vie\",\"publisher\":{\"@id\":\"https:\/\/sine-fine.com\/en\/#\/schema\/person\/78c8df9be07e5f4f79d983f84aafeefd\"},\"potentialAction\":[{\"@type\":\"SearchAction\",\"target\":{\"@type\":\"EntryPoint\",\"urlTemplate\":\"https:\/\/sine-fine.com\/en\/?s={search_term_string}\"},\"query-input\":{\"@type\":\"PropertyValueSpecification\",\"valueRequired\":true,\"valueName\":\"search_term_string\"}}],\"inLanguage\":\"en-US\"},{\"@type\":[\"Person\",\"Organization\"],\"@id\":\"https:\/\/sine-fine.com\/en\/#\/schema\/person\/78c8df9be07e5f4f79d983f84aafeefd\",\"name\":\"benoitbarbagli\",\"image\":{\"@type\":\"ImageObject\",\"inLanguage\":\"en-US\",\"@id\":\"https:\/\/sine-fine.com\/en\/#\/schema\/person\/image\/\",\"url\":\"https:\/\/sine-fine.com\/wp-content\/uploads\/2025\/04\/Sisyphe-V-V3-final-scaled.jpg\",\"contentUrl\":\"https:\/\/sine-fine.com\/wp-content\/uploads\/2025\/04\/Sisyphe-V-V3-final-scaled.jpg\",\"width\":1713,\"height\":2560,\"caption\":\"benoitbarbagli\"},\"logo\":{\"@id\":\"https:\/\/sine-fine.com\/en\/#\/schema\/person\/image\/\"}}]}<\/script>\n<!-- \/ Yoast SEO plugin. -->","yoast_head_json":{"title":"Benoit Barbagli, Le Grand Nord - Beno\u00eet Barbagli - sine-fine.com","description":"Le grand nord, 2019 \u00c9preuve pigmentaire sur papier Ultra Smooth Hahnem\u00fchle 305g Exemplaires num\u00e9ro 4\/5 Sign\u00e9 dat\u00e9 et num\u00e9rot\u00e9 au dos Encadrement bois noir verre Antireflet100 x 67 cm","robots":{"index":"index","follow":"follow","max-snippet":"max-snippet:-1","max-image-preview":"max-image-preview:large","max-video-preview":"max-video-preview:-1"},"canonical":"https:\/\/sine-fine.com\/articles\/le-grand-nord\/","og_locale":"en_US","og_type":"article","og_title":"Benoit Barbagli, Le Grand Nord - Beno\u00eet Barbagli - sine-fine.com","og_description":"Le grand nord, 2019 \u00c9preuve pigmentaire sur papier Ultra Smooth Hahnem\u00fchle 305g Exemplaires num\u00e9ro 4\/5 Sign\u00e9 dat\u00e9 et num\u00e9rot\u00e9 au dos Encadrement bois noir verre Antireflet100 x 67 cm","og_url":"https:\/\/sine-fine.com\/articles\/le-grand-nord\/","og_site_name":"sine-fine.com","article_modified_time":"2023-10-22T15:58:34+00:00","og_image":[{"width":2560,"height":1630,"url":"https:\/\/sine-fine.com\/wp-content\/uploads\/2019\/05\/DSC02317-scaled.jpg","type":"image\/jpeg"}],"twitter_card":"summary_large_image","schema":{"@context":"https:\/\/schema.org","@graph":[{"@type":"WebPage","@id":"https:\/\/sine-fine.com\/articles\/le-grand-nord\/","url":"https:\/\/sine-fine.com\/articles\/le-grand-nord\/","name":"Benoit Barbagli, Le Grand Nord - Beno\u00eet Barbagli - sine-fine.com","isPartOf":{"@id":"https:\/\/sine-fine.com\/en\/#website"},"primaryImageOfPage":{"@id":"https:\/\/sine-fine.com\/articles\/le-grand-nord\/#primaryimage"},"image":{"@id":"https:\/\/sine-fine.com\/articles\/le-grand-nord\/#primaryimage"},"thumbnailUrl":"https:\/\/sine-fine.com\/wp-content\/uploads\/2022\/01\/8_Le-grand-nord-2019-100-x-67-cm.jpg","datePublished":"2020-05-01T08:31:46+00:00","dateModified":"2023-10-22T15:58:34+00:00","description":"Le grand nord, 2019 \u00c9preuve pigmentaire sur papier Ultra Smooth Hahnem\u00fchle 305g Exemplaires num\u00e9ro 4\/5 Sign\u00e9 dat\u00e9 et num\u00e9rot\u00e9 au dos Encadrement bois noir verre Antireflet100 x 67 cm","breadcrumb":{"@id":"https:\/\/sine-fine.com\/articles\/le-grand-nord\/#breadcrumb"},"inLanguage":"en-US","potentialAction":[{"@type":"ReadAction","target":["https:\/\/sine-fine.com\/articles\/le-grand-nord\/"]}]},{"@type":"ImageObject","inLanguage":"en-US","@id":"https:\/\/sine-fine.com\/articles\/le-grand-nord\/#primaryimage","url":"https:\/\/sine-fine.com\/wp-content\/uploads\/2022\/01\/8_Le-grand-nord-2019-100-x-67-cm.jpg","contentUrl":"https:\/\/sine-fine.com\/wp-content\/uploads\/2022\/01\/8_Le-grand-nord-2019-100-x-67-cm.jpg","width":1200,"height":800},{"@type":"BreadcrumbList","@id":"https:\/\/sine-fine.com\/articles\/le-grand-nord\/#breadcrumb","itemListElement":[{"@type":"ListItem","position":1,"name":"Accueil","item":"https:\/\/sine-fine.com\/en\/"},{"@type":"ListItem","position":2,"name":"store","item":"https:\/\/sine-fine.com\/en\/shop\/"},{"@type":"ListItem","position":3,"name":"Benoit Barbagli, Le Grand Nord"}]},{"@type":"WebSite","@id":"https:\/\/sine-fine.com\/en\/#website","url":"https:\/\/sine-fine.com\/en\/","name":"sine-fine.com","description":"Sous le chaos, la vie","publisher":{"@id":"https:\/\/sine-fine.com\/en\/#\/schema\/person\/78c8df9be07e5f4f79d983f84aafeefd"},"potentialAction":[{"@type":"SearchAction","target":{"@type":"EntryPoint","urlTemplate":"https:\/\/sine-fine.com\/en\/?s={search_term_string}"},"query-input":{"@type":"PropertyValueSpecification","valueRequired":true,"valueName":"search_term_string"}}],"inLanguage":"en-US"},{"@type":["Person","Organization"],"@id":"https:\/\/sine-fine.com\/en\/#\/schema\/person\/78c8df9be07e5f4f79d983f84aafeefd","name":"benoitbarbagli","image":{"@type":"ImageObject","inLanguage":"en-US","@id":"https:\/\/sine-fine.com\/en\/#\/schema\/person\/image\/","url":"https:\/\/sine-fine.com\/wp-content\/uploads\/2025\/04\/Sisyphe-V-V3-final-scaled.jpg","contentUrl":"https:\/\/sine-fine.com\/wp-content\/uploads\/2025\/04\/Sisyphe-V-V3-final-scaled.jpg","width":1713,"height":2560,"caption":"benoitbarbagli"},"logo":{"@id":"https:\/\/sine-fine.com\/en\/#\/schema\/person\/image\/"}}]}},"_links":{"self":[{"href":"https:\/\/sine-fine.com\/en\/wp-json\/wp\/v2\/product\/43138","targetHints":{"allow":["GET"]}}],"collection":[{"href":"https:\/\/sine-fine.com\/en\/wp-json\/wp\/v2\/product"}],"about":[{"href":"https:\/\/sine-fine.com\/en\/wp-json\/wp\/v2\/types\/product"}],"replies":[{"embeddable":true,"href":"https:\/\/sine-fine.com\/en\/wp-json\/wp\/v2\/comments?post=43138"}],"wp:featuredmedia":[{"embeddable":true,"href":"https:\/\/sine-fine.com\/en\/wp-json\/wp\/v2\/media\/74401"}],"wp:attachment":[{"href":"https:\/\/sine-fine.com\/en\/wp-json\/wp\/v2\/media?parent=43138"}],"wp:term":[{"taxonomy":"product_brand","embeddable":true,"href":"https:\/\/sine-fine.com\/en\/wp-json\/wp\/v2\/product_brand?post=43138"},{"taxonomy":"product_cat","embeddable":true,"href":"https:\/\/sine-fine.com\/en\/wp-json\/wp\/v2\/product_cat?post=43138"},{"taxonomy":"product_tag","embeddable":true,"href":"https:\/\/sine-fine.com\/en\/wp-json\/wp\/v2\/product_tag?post=43138"}],"curies":[{"name":"wp","href":"https:\/\/api.w.org\/{rel}","templated":true}]}}